{"id":1734,"date":"2019-08-05T19:33:50","date_gmt":"2019-08-05T19:33:50","guid":{"rendered":"https:\/\/pamelainlove.cl\/wp\/?page_id=1734"},"modified":"2019-08-16T19:37:03","modified_gmt":"2019-08-16T19:37:03","slug":"garantia","status":"publish","type":"page","link":"https:\/\/pamelainlove.cl\/wp\/garantia\/","title":{"rendered":"Garantia"},"content":{"rendered":"\t\t<div data-elementor-type=\"post\" data-elementor-id=\"1734\" class=\"elementor elementor-1734\" data-elementor-settings=\"[]\">\n\t\t\t<div class=\"elementor-inner\">\n\t\t\t\t<div class=\"elementor-section-wrap\">\n\t\t\t\t\t\t\t<section data-id=\"29c5e2f8\" class=\"elementor-element elementor-element-29c5e2f8 elementor-section-height-min-height elementor-section-items-top elementor-section-boxed elementor-section-height-default elementor-section elementor-top-section\" data-settings=\"{&quot;background_background&quot;:&quot;classic&quot;}\" data-element_type=\"section\">\n\t\t\t\t\t\t<div class=\"elementor-container elementor-column-gap-default\">\n\t\t\t\t<div class=\"elementor-row\">\n\t\t\t\t<div data-id=\"7b7a0440\" class=\"elementor-element elementor-element-7b7a0440 elementor-column elementor-col-100 elementor-top-column\" data-element_type=\"column\">\n\t\t\t<div class=\"elementor-column-wrap  elementor-element-populated\">\n\t\t\t\t\t<div class=\"elementor-widget-wrap\">\n\t\t\t\t<section data-id=\"afe6268\" class=\"elementor-element elementor-element-afe6268 elementor-section-boxed elementor-section-height-default elementor-section-height-default elementor-section elementor-inner-section\" data-element_type=\"section\">\n\t\t\t\t\t\t<div class=\"elementor-container elementor-column-gap-default\">\n\t\t\t\t<div class=\"elementor-row\">\n\t\t\t\t<div data-id=\"f20fc8c\" class=\"elementor-element elementor-element-f20fc8c elementor-column elementor-col-50 elementor-inner-column\" data-element_type=\"column\">\n\t\t\t<div class=\"elementor-column-wrap  elementor-element-populated\">\n\t\t\t\t\t<div class=\"elementor-widget-wrap\">\n\t\t\t\t<div data-id=\"2153a0f\" class=\"elementor-element elementor-element-2153a0f elementor-widget elementor-widget-divider\" data-element_type=\"divider.default\">\n\t\t\t\t<div class=\"elementor-widget-container\">\n\t\t\t\t\t<div class=\"elementor-divider\">\n\t\t\t<span class=\"elementor-divider-separator\"><\/span>\n\t\t<\/div>\n\t\t\t\t<\/div>\n\t\t\t\t<\/div>\n\t\t\t\t<div data-id=\"fe8727d\" class=\"elementor-element elementor-element-fe8727d elementor-widget elementor-widget-heading\" data-element_type=\"heading.default\">\n\t\t\t\t<div class=\"elementor-widget-container\">\n\t\t\t<h5 class=\"elementor-heading-title elementor-size-default\">Tener en Cuenta<\/h5>\t\t<\/div>\n\t\t\t\t<\/div>\n\t\t\t\t<div data-id=\"0007ae8\" class=\"elementor-element elementor-element-0007ae8 elementor-widget elementor-widget-heading\" data-element_type=\"heading.default\">\n\t\t\t\t<div class=\"elementor-widget-container\">\n\t\t\t<h1 class=\"elementor-heading-title elementor-size-default\">garantia<\/h1>\t\t<\/div>\n\t\t\t\t<\/div>\n\t\t\t\t<div data-id=\"7a7d84db\" class=\"elementor-element elementor-element-7a7d84db elementor-widget elementor-widget-text-editor\" data-element_type=\"text-editor.default\">\n\t\t\t\t<div class=\"elementor-widget-container\">\n\t\t\t\t\t<div class=\"elementor-text-editor elementor-clearfix\"><p><!-- wp:paragraph --><\/p>\n<p>Pol\u00edticas de Cambio y Garant\u00eda en\u00a0<strong>www.pamelainlove.cl<\/strong><\/p>\n<p><!-- \/wp:paragraph --><\/p>\n<p><!-- wp:paragraph --><\/p>\n<p>Nuestros productos cuentan con la garant\u00eda legal de 3 meses desde el momento de la compra que estipula la ley del consumidor.<\/p>\n<p><!-- \/wp:paragraph --><\/p>\n<p><!-- wp:paragraph --><\/p>\n<div>\n<p><span style=\"font-size: 15px;\">Los art\u00edculos de\u00a0<\/span><span style=\"font-size: 15px; font-style: normal; font-weight: bold; background-color: #f7f7f7;\"><span lang=\"es-cl\" style=\"font-size: 15px;\" xml:lang=\"es-cl\">Pamela in Love<\/span><\/span><span style=\"font-size: 15px;\">\u00a0y de Lencer\u00eda son mayoritariamente de uso interno e \u00edntimo, por lo tanto los cambios ser\u00e1n realizados presentando la boleta o factura correspondiente a la compra y cumpliendo lo siguiente:<\/span><\/p>\n<\/div>\n<ul>\n<li>Tener los embalajes originales, accesorios, manuales y p\u00f3lizas de garant\u00eda.<\/li>\n<li>Si el producto es devuelto por falla, se realizar\u00e1 una revisi\u00f3n que confirmar\u00e1 la falla del producto.\u00a0 En caso de no ser atribuible a un mal uso del mismo, se podr\u00e1 hacer efectiva la garant\u00eda.<\/li>\n<\/ul>\n<p>No realizamos cambios de productos por no gusto o por cambio de talla.<\/p>\n<p>Ley del Consumidor N\u00b0 19.496<\/p>\n<p><span style=\"font-size: 15px; background-color: #f7f7f7;\">Pamela in Love<\/span>.<\/p>\n<p><!-- \/wp:paragraph --><\/p>\n<p><!-- wp:paragraph --><\/p>\n<p><!-- \/wp:paragraph --><\/p><\/div>\n\t\t\t\t<\/div>\n\t\t\t\t<\/div>\n\t\t\t\t\t\t<\/div>\n\t\t\t<\/div>\n\t\t<\/div>\n\t\t\t\t<div data-id=\"16c4329\" class=\"elementor-element elementor-element-16c4329 elementor-column elementor-col-50 elementor-inner-column\" data-element_type=\"column\">\n\t\t\t<div class=\"elementor-column-wrap  elementor-element-populated\">\n\t\t\t\t\t<div class=\"elementor-widget-wrap\">\n\t\t\t\t<div data-id=\"4d907f1\" class=\"elementor-element elementor-element-4d907f1 elementor-widget elementor-widget-sidebar\" data-element_type=\"sidebar.default\">\n\t\t\t\t<div class=\"elementor-widget-container\">\n\t\t\t<aside id=\"woocommerce_product_search-2\" class=\"widget woocommerce widget_product_search\"><form role=\"search\" method=\"get\" class=\"woocommerce-product-search\" action=\"https:\/\/pamelainlove.cl\/wp\/\">\n\t<label class=\"screen-reader-text\" for=\"woocommerce-product-search-field-0\">Search for:<\/label>\n\t<input type=\"search\" id=\"woocommerce-product-search-field-0\" class=\"search-field\" placeholder=\"Search products&hellip;\" value=\"\" name=\"s\" \/>\n\t<button type=\"submit\" value=\"Search\">Search<\/button>\n\t<input type=\"hidden\" name=\"post_type\" value=\"product\" \/>\n<\/form>\n<\/aside><aside id=\"woocommerce_product_categories-5\" class=\"widget woocommerce widget_product_categories\"><h2 class=\"widget-title\">Categor\u00edas<\/h2><ul class=\"product-categories\"><li class=\"cat-item cat-item-143\"><a href=\"https:\/\/pamelainlove.cl\/wp\/categorias-productos\/afrodisiacos\/\">Afrodis\u00edacos<\/a><\/li>\n<li class=\"cat-item cat-item-42\"><a href=\"https:\/\/pamelainlove.cl\/wp\/categorias-productos\/anillos\/\">Anillos<\/a><\/li>\n<li class=\"cat-item cat-item-44\"><a href=\"https:\/\/pamelainlove.cl\/wp\/categorias-productos\/arnes\/\">Arnes<\/a><\/li>\n<li class=\"cat-item cat-item-15\"><a href=\"https:\/\/pamelainlove.cl\/wp\/categorias-productos\/accesorios\/\">BDSM<\/a><\/li>\n<li class=\"cat-item cat-item-39\"><a href=\"https:\/\/pamelainlove.cl\/wp\/categorias-productos\/bienestar-y-salud\/\">Bienestar y Salud<\/a><\/li>\n<li class=\"cat-item cat-item-43\"><a href=\"https:\/\/pamelainlove.cl\/wp\/categorias-productos\/condones\/\">Condones<\/a><\/li>\n<li class=\"cat-item cat-item-117\"><a href=\"https:\/\/pamelainlove.cl\/wp\/categorias-productos\/consoladores\/\">Consoladores<\/a><\/li>\n<li class=\"cat-item cat-item-20\"><a href=\"https:\/\/pamelainlove.cl\/wp\/categorias-productos\/cosmetica-estimulante\/\">Cosmetica Estimulante<\/a><\/li>\n<li class=\"cat-item cat-item-45\"><a href=\"https:\/\/pamelainlove.cl\/wp\/categorias-productos\/dilatadores-anales\/\">Dilatadores Anales<\/a><\/li>\n<li class=\"cat-item cat-item-28\"><a href=\"https:\/\/pamelainlove.cl\/wp\/categorias-productos\/feromonas\/\">Feromonas<\/a><\/li>\n<li class=\"cat-item cat-item-33\"><a href=\"https:\/\/pamelainlove.cl\/wp\/categorias-productos\/juegos\/\">Juegos<\/a><\/li>\n<li class=\"cat-item cat-item-31\"><a href=\"https:\/\/pamelainlove.cl\/wp\/categorias-productos\/kits\/\">Kits<\/a><\/li>\n<li class=\"cat-item cat-item-38\"><a href=\"https:\/\/pamelainlove.cl\/wp\/categorias-productos\/lenceria\/\">Lenceria<\/a><\/li>\n<li class=\"cat-item cat-item-27\"><a href=\"https:\/\/pamelainlove.cl\/wp\/categorias-productos\/lubricantes\/\">Lubricantes<\/a><\/li>\n<li class=\"cat-item cat-item-29\"><a href=\"https:\/\/pamelainlove.cl\/wp\/categorias-productos\/masaje-y-afrodisiacos\/\">Masaje y Afrodisiacos<\/a><\/li>\n<li class=\"cat-item cat-item-41\"><a href=\"https:\/\/pamelainlove.cl\/wp\/categorias-productos\/masturbadores\/\">Masturbadores<\/a><\/li>\n<li class=\"cat-item cat-item-22\"><a href=\"https:\/\/pamelainlove.cl\/wp\/categorias-productos\/potenciadores-sexuales\/\">Potenciadores Masculinos<\/a><\/li>\n<li class=\"cat-item cat-item-46\"><a href=\"https:\/\/pamelainlove.cl\/wp\/categorias-productos\/protesis-y-fundas\/\">Pr\u00f3tesis y Fundas<\/a><\/li>\n<li class=\"cat-item cat-item-30\"><a href=\"https:\/\/pamelainlove.cl\/wp\/categorias-productos\/shunga\/\">Shunga<\/a><\/li>\n<li class=\"cat-item cat-item-40\"><a href=\"https:\/\/pamelainlove.cl\/wp\/categorias-productos\/vibradores\/\">Vibradores<\/a><\/li>\n<\/ul><\/aside>\t\t<\/div>\n\t\t\t\t<\/div>\n\t\t\t\t\t\t<\/div>\n\t\t\t<\/div>\n\t\t<\/div>\n\t\t\t\t\t\t<\/div>\n\t\t\t<\/div>\n\t\t<\/section>\n\t\t\t\t\t\t<\/div>\n\t\t\t<\/div>\n\t\t<\/div>\n\t\t\t\t\t\t<\/div>\n\t\t\t<\/div>\n\t\t<\/section>\n\t\t\t\t\t\t<\/div>\n\t\t\t<\/div>\n\t\t<\/div>\n\t\t","protected":false},"excerpt":{"rendered":"<p>Tener en Cuenta garantia Pol\u00edticas de Cambio y Garant\u00eda en\u00a0www.pamelainlove.cl Nuestros productos cuentan con la garant\u00eda legal de 3 meses desde el momento de la compra que estipula la ley del consumidor. Los art\u00edculos de\u00a0Pamela in Love\u00a0y de Lencer\u00eda son mayoritariamente de uso interno e \u00edntimo, por lo tanto los cambios ser\u00e1n realizados presentando la [&hellip;]<\/p>\n","protected":false},"author":1,"featured_media":0,"parent":0,"menu_order":0,"comment_status":"closed","ping_status":"closed","template":"","meta":{"site-sidebar-layout":"no-sidebar","site-content-layout":"plain-container","ast-site-content-layout":"","site-content-style":"default","site-sidebar-style":"default","ast-global-header-display":"","ast-banner-title-visibility":"","ast-main-header-display":"","ast-hfb-above-header-display":"","ast-hfb-below-header-display":"","ast-hfb-mobile-header-display":"","site-post-title":"disabled","ast-breadcrumbs-content":"disabled","ast-featured-img":"disabled","footer-sml-layout":"disabled","theme-transparent-header-meta":"disabled","adv-header-id-meta":"","stick-header-meta":"","header-above-stick-meta":"","header-main-stick-meta":"","header-below-stick-meta":"","astra-migrate-meta-layouts":"default","ast-page-background-enabled":"default","ast-page-background-meta":{"desktop":{"background-color":"var(--ast-global-color-4)","background-image":"","background-repeat":"repeat","background-position":"center center","background-size":"auto","background-attachment":"scroll","background-type":"","background-media":"","overlay-type":"","overlay-color":"","overlay-opacity":"","overlay-gradient":""},"tablet":{"background-color":"","background-image":"","background-repeat":"repeat","background-position":"center center","background-size":"auto","background-attachment":"scroll","background-type":"","background-media":"","overlay-type":"","overlay-color":"","overlay-opacity":"","overlay-gradient":""},"mobile":{"background-color":"","background-image":"","background-repeat":"repeat","background-position":"center center","background-size":"auto","background-attachment":"scroll","background-type":"","background-media":"","overlay-type":"","overlay-color":"","overlay-opacity":"","overlay-gradient":""}},"ast-content-background-meta":{"desktop":{"background-color":"var(--ast-global-color-5)","background-image":"","background-repeat":"repeat","background-position":"center center","background-size":"auto","background-attachment":"scroll","background-type":"","background-media":"","overlay-type":"","overlay-color":"","overlay-opacity":"","overlay-gradient":""},"tablet":{"background-color":"var(--ast-global-color-5)","background-image":"","background-repeat":"repeat","background-position":"center center","background-size":"auto","background-attachment":"scroll","background-type":"","background-media":"","overlay-type":"","overlay-color":"","overlay-opacity":"","overlay-gradient":""},"mobile":{"background-color":"var(--ast-global-color-5)","background-image":"","background-repeat":"repeat","background-position":"center center","background-size":"auto","background-attachment":"scroll","background-type":"","background-media":"","overlay-type":"","overlay-color":"","overlay-opacity":"","overlay-gradient":""}},"footnotes":""},"class_list":["post-1734","page","type-page","status-publish","hentry"],"_links":{"self":[{"href":"https:\/\/pamelainlove.cl\/wp\/wp-json\/wp\/v2\/pages\/1734","targetHints":{"allow":["GET"]}}],"collection":[{"href":"https:\/\/pamelainlove.cl\/wp\/wp-json\/wp\/v2\/pages"}],"about":[{"href":"https:\/\/pamelainlove.cl\/wp\/wp-json\/wp\/v2\/types\/page"}],"author":[{"embeddable":true,"href":"https:\/\/pamelainlove.cl\/wp\/wp-json\/wp\/v2\/users\/1"}],"replies":[{"embeddable":true,"href":"https:\/\/pamelainlove.cl\/wp\/wp-json\/wp\/v2\/comments?post=1734"}],"version-history":[{"count":12,"href":"https:\/\/pamelainlove.cl\/wp\/wp-json\/wp\/v2\/pages\/1734\/revisions"}],"predecessor-version":[{"id":3094,"href":"https:\/\/pamelainlove.cl\/wp\/wp-json\/wp\/v2\/pages\/1734\/revisions\/3094"}],"wp:attachment":[{"href":"https:\/\/pamelainlove.cl\/wp\/wp-json\/wp\/v2\/media?parent=1734"}],"curies":[{"name":"wp","href":"https:\/\/api.w.org\/{rel}","templated":true}]}}