{"id":113536,"date":"2025-09-13T16:26:09","date_gmt":"2025-09-13T16:26:09","guid":{"rendered":"https:\/\/pamelainlove.cl\/wp\/?post_type=product&#038;p=113536"},"modified":"2025-09-13T16:45:41","modified_gmt":"2025-09-13T16:45:41","slug":"potenciador-masculino-oh-2","status":"publish","type":"product","link":"https:\/\/pamelainlove.cl\/wp\/shop\/potenciador-masculino-oh-2\/","title":{"rendered":"Potenciador Masculino OH!"},"content":{"rendered":"<p>El potenciador masculino OH aumenta notablemente la sensibilidad y el flujo sangu\u00edneo hacia los cuerpos cavernosos del pene, permitiendo una erecci\u00f3n m\u00e1s firme y durable.<\/p>\n<p>Es un gel de acci\u00f3n r\u00e1pida que produce una sensaci\u00f3n de mayor turgencia de la erecci\u00f3n y maximiza la satisfacci\u00f3n pues aumenta la sensibilidad<\/p>\n<p>&nbsp;<\/p>\n<p>\u00bfQu\u00e9 sentir\u00e1s al usar OH ?<br \/>\nLas sensaciones son f\u00e1cilmente apreciables, pueden ir desde un cosquilleo, calidez, aumento de circulaci\u00f3n sangu\u00ednea, y un un peque\u00f1o aumento en el contorno del pene. Estos efectos siempre pueden variar de un individuo a otro.<\/p>\n<p>\u00bfCu\u00e1nto dura su efecto?<\/p>\n<p>Es temporal; puede durar hasta una hora, dependiendo de la cantidad aplicada.<br \/>\nPuede aplicarse previo al coito para lograr el efecto deseado y antes de penetrar debe quitarse el exceso de producto. Las sensaciones placenteras seguir\u00e1n.<\/p>\n<p>Es compatible con el uso de cond\u00f3n, sus componentes no da\u00f1an el l\u00e1tex; pero s\u00ed debe quitarse el exceso de producto antes de colocar el preservativo pues corre riesgo de deslizarse.<\/p>\n<p>Contenido: 50ml<\/p>\n<p>Ingredientes:<\/p>\n<p>Agua, jugo de hoja de Aloe Barbadensis (Aloe), Butea Superba, vitamina E (alfa tocoferoles) niacinimide, hidroxietilcelulosa, salicilato de metilo, poliacrilato 13, poliisobuteno, Polisorbato 20, gluconolactona, benzoato de sodio, Metil Nicontinate, aromas naturales, Cinnamomum zeylanicum, Extracto de madreselva.<\/p>\n","protected":false},"excerpt":{"rendered":"<p>El potenciador masculino OH aumenta notablemente la sensibilidad y el flujo sangu\u00edneo hacia los cuerpos cavernosos del pene, permitiendo una erecci\u00f3n m\u00e1s firme y durable. Es un gel de acci\u00f3n r\u00e1pida que produce una sensaci\u00f3n de mayor turgencia de la erecci\u00f3n y maximiza la satisfacci\u00f3n pues aumenta la sensibilidad &nbsp; \u00bfQu\u00e9 sentir\u00e1s al usar OH [&hellip;]<\/p>\n","protected":false},"featured_media":113537,"comment_status":"open","ping_status":"closed","template":"","meta":{"site-sidebar-layout":"default","site-content-layout":"default","ast-site-content-layout":"default","site-content-style":"default","site-sidebar-style":"default","ast-global-header-display":"","ast-banner-title-visibility":"","ast-main-header-display":"","ast-hfb-above-header-display":"","ast-hfb-below-header-display":"","ast-hfb-mobile-header-display":"","site-post-title":"","ast-breadcrumbs-content":"","ast-featured-img":"","footer-sml-layout":"","theme-transparent-header-meta":"default","adv-header-id-meta":"","stick-header-meta":"","header-above-stick-meta":"","header-main-stick-meta":"","header-below-stick-meta":"","astra-migrate-meta-layouts":"set","ast-page-background-enabled":"default","ast-page-background-meta":{"desktop":{"background-color":"var(--ast-global-color-4)","background-image":"","background-repeat":"repeat","background-position":"center center","background-size":"auto","background-attachment":"scroll","background-type":"","background-media":"","overlay-type":"","overlay-color":"","overlay-opacity":"","overlay-gradient":""},"tablet":{"background-color":"","background-image":"","background-repeat":"repeat","background-position":"center center","background-size":"auto","background-attachment":"scroll","background-type":"","background-media":"","overlay-type":"","overlay-color":"","overlay-opacity":"","overlay-gradient":""},"mobile":{"background-color":"","background-image":"","background-repeat":"repeat","background-position":"center center","background-size":"auto","background-attachment":"scroll","background-type":"","background-media":"","overlay-type":"","overlay-color":"","overlay-opacity":"","overlay-gradient":""}},"ast-content-background-meta":{"desktop":{"background-color":"var(--ast-global-color-5)","background-image":"","background-repeat":"repeat","background-position":"center center","background-size":"auto","background-attachment":"scroll","background-type":"","background-media":"","overlay-type":"","overlay-color":"","overlay-opacity":"","overlay-gradient":""},"tablet":{"background-color":"var(--ast-global-color-5)","background-image":"","background-repeat":"repeat","background-position":"center center","background-size":"auto","background-attachment":"scroll","background-type":"","background-media":"","overlay-type":"","overlay-color":"","overlay-opacity":"","overlay-gradient":""},"mobile":{"background-color":"var(--ast-global-color-5)","background-image":"","background-repeat":"repeat","background-position":"center center","background-size":"auto","background-attachment":"scroll","background-type":"","background-media":"","overlay-type":"","overlay-color":"","overlay-opacity":"","overlay-gradient":""}}},"class_list":["post-113536","product","type-product","status-publish","has-post-thumbnail","hentry","product_cat-potenciadores-sexuales","desktop-align-left","tablet-align-left","mobile-align-left"],"_links":{"self":[{"href":"https:\/\/pamelainlove.cl\/wp\/wp-json\/wp\/v2\/product\/113536","targetHints":{"allow":["GET"]}}],"collection":[{"href":"https:\/\/pamelainlove.cl\/wp\/wp-json\/wp\/v2\/product"}],"about":[{"href":"https:\/\/pamelainlove.cl\/wp\/wp-json\/wp\/v2\/types\/product"}],"replies":[{"embeddable":true,"href":"https:\/\/pamelainlove.cl\/wp\/wp-json\/wp\/v2\/comments?post=113536"}],"version-history":[{"count":1,"href":"https:\/\/pamelainlove.cl\/wp\/wp-json\/wp\/v2\/product\/113536\/revisions"}],"predecessor-version":[{"id":113538,"href":"https:\/\/pamelainlove.cl\/wp\/wp-json\/wp\/v2\/product\/113536\/revisions\/113538"}],"wp:featuredmedia":[{"embeddable":true,"href":"https:\/\/pamelainlove.cl\/wp\/wp-json\/wp\/v2\/media\/113537"}],"wp:attachment":[{"href":"https:\/\/pamelainlove.cl\/wp\/wp-json\/wp\/v2\/media?parent=113536"}],"curies":[{"name":"wp","href":"https:\/\/api.w.org\/{rel}","templated":true}]}}