{"id":116273,"date":"2025-11-08T22:49:02","date_gmt":"2025-11-08T22:49:02","guid":{"rendered":"https:\/\/pamelainlove.cl\/wp\/?post_type=product&#038;p=116273"},"modified":"2025-11-08T22:49:29","modified_gmt":"2025-11-08T22:49:29","slug":"dildo-tentaculo","status":"publish","type":"product","link":"https:\/\/pamelainlove.cl\/wp\/shop\/dildo-tentaculo\/","title":{"rendered":"Dildo Tentaculo"},"content":{"rendered":"<p>El dildo con punta estrecha que estabas esperando. Garantiza una suave entrada, mientras que sus tent\u00e1culos brindan una sensaci\u00f3n estimulante durante la penetraci\u00f3n. Cuenta con una base de ventosa ancha que se puede adaptar a casi todo tipo de arn\u00e9s y tambi\u00e9n se adhiere a toda superficie lisa. Adem\u00e1s, es muy f\u00e1cil de limpiar.<\/p>\n<p><strong>Caracter\u00edsticas:<\/strong><\/p>\n<p>Dildo hiper texturado<br \/>\nColor: Dorado<br \/>\nMaterial: Silicona<br \/>\nCualidades de funcionamiento: No posee motor<br \/>\nLargo total: 20cm. aprox.<br \/>\nLargo insertable: 17cm. aprox.<br \/>\nDi\u00e1metro: 12.5 cm aprox. (parte m\u00e1s ancha)<br \/>\nResistente al agua<\/p>\n<p><strong>Observaciones:<\/strong><br \/>\nLavar antes y despu\u00e9s de usar con agua tibia y jab\u00f3n neutro.<br \/>\nNo exponer a altas temperaturas ni humedad.<\/p>\n","protected":false},"excerpt":{"rendered":"<p>El dildo con punta estrecha que estabas esperando. Garantiza una suave entrada, mientras que sus tent\u00e1culos brindan una sensaci\u00f3n estimulante durante la penetraci\u00f3n. Cuenta con una base de ventosa ancha que se puede adaptar a casi todo tipo de arn\u00e9s y tambi\u00e9n se adhiere a toda superficie lisa. Adem\u00e1s, es muy f\u00e1cil de limpiar. Caracter\u00edsticas: [&hellip;]<\/p>\n","protected":false},"featured_media":116274,"comment_status":"open","ping_status":"closed","template":"","meta":{"site-sidebar-layout":"default","site-content-layout":"","ast-site-content-layout":"default","site-content-style":"default","site-sidebar-style":"default","ast-global-header-display":"","ast-banner-title-visibility":"","ast-main-header-display":"","ast-hfb-above-header-display":"","ast-hfb-below-header-display":"","ast-hfb-mobile-header-display":"","site-post-title":"","ast-breadcrumbs-content":"","ast-featured-img":"","footer-sml-layout":"","theme-transparent-header-meta":"default","adv-header-id-meta":"","stick-header-meta":"","header-above-stick-meta":"","header-main-stick-meta":"","header-below-stick-meta":"","astra-migrate-meta-layouts":"set","ast-page-background-enabled":"default","ast-page-background-meta":{"desktop":{"background-color":"var(--ast-global-color-4)","background-image":"","background-repeat":"repeat","background-position":"center center","background-size":"auto","background-attachment":"scroll","background-type":"","background-media":"","overlay-type":"","overlay-color":"","overlay-opacity":"","overlay-gradient":""},"tablet":{"background-color":"","background-image":"","background-repeat":"repeat","background-position":"center center","background-size":"auto","background-attachment":"scroll","background-type":"","background-media":"","overlay-type":"","overlay-color":"","overlay-opacity":"","overlay-gradient":""},"mobile":{"background-color":"","background-image":"","background-repeat":"repeat","background-position":"center center","background-size":"auto","background-attachment":"scroll","background-type":"","background-media":"","overlay-type":"","overlay-color":"","overlay-opacity":"","overlay-gradient":""}},"ast-content-background-meta":{"desktop":{"background-color":"var(--ast-global-color-5)","background-image":"","background-repeat":"repeat","background-position":"center center","background-size":"auto","background-attachment":"scroll","background-type":"","background-media":"","overlay-type":"","overlay-color":"","overlay-opacity":"","overlay-gradient":""},"tablet":{"background-color":"var(--ast-global-color-5)","background-image":"","background-repeat":"repeat","background-position":"center center","background-size":"auto","background-attachment":"scroll","background-type":"","background-media":"","overlay-type":"","overlay-color":"","overlay-opacity":"","overlay-gradient":""},"mobile":{"background-color":"var(--ast-global-color-5)","background-image":"","background-repeat":"repeat","background-position":"center center","background-size":"auto","background-attachment":"scroll","background-type":"","background-media":"","overlay-type":"","overlay-color":"","overlay-opacity":"","overlay-gradient":""}}},"class_list":["post-116273","product","type-product","status-publish","has-post-thumbnail","hentry","product_cat-consoladores","product_cat-dilatadores-anales","desktop-align-left","tablet-align-left","mobile-align-left"],"_links":{"self":[{"href":"https:\/\/pamelainlove.cl\/wp\/wp-json\/wp\/v2\/product\/116273","targetHints":{"allow":["GET"]}}],"collection":[{"href":"https:\/\/pamelainlove.cl\/wp\/wp-json\/wp\/v2\/product"}],"about":[{"href":"https:\/\/pamelainlove.cl\/wp\/wp-json\/wp\/v2\/types\/product"}],"replies":[{"embeddable":true,"href":"https:\/\/pamelainlove.cl\/wp\/wp-json\/wp\/v2\/comments?post=116273"}],"version-history":[{"count":1,"href":"https:\/\/pamelainlove.cl\/wp\/wp-json\/wp\/v2\/product\/116273\/revisions"}],"predecessor-version":[{"id":116275,"href":"https:\/\/pamelainlove.cl\/wp\/wp-json\/wp\/v2\/product\/116273\/revisions\/116275"}],"wp:featuredmedia":[{"embeddable":true,"href":"https:\/\/pamelainlove.cl\/wp\/wp-json\/wp\/v2\/media\/116274"}],"wp:attachment":[{"href":"https:\/\/pamelainlove.cl\/wp\/wp-json\/wp\/v2\/media?parent=116273"}],"curies":[{"name":"wp","href":"https:\/\/api.w.org\/{rel}","templated":true}]}}