{"id":119262,"date":"2026-01-06T20:32:41","date_gmt":"2026-01-06T20:32:41","guid":{"rendered":"https:\/\/pamelainlove.cl\/wp\/?post_type=product&#038;p=119262"},"modified":"2026-01-06T20:32:41","modified_gmt":"2026-01-06T20:32:41","slug":"peta-zeta-rock-candy-frutilla","status":"publish","type":"product","link":"https:\/\/pamelainlove.cl\/wp\/shop\/peta-zeta-rock-candy-frutilla\/","title":{"rendered":"Peta Zeta Rock Candy &#8211; Frutilla"},"content":{"rendered":"<p>Peta Zeta Rock Candy &#8211; Frutilla para sexo oral. Un caramelo efervescente 100% comestible que brinda una explosi\u00f3n de sabor y sensaciones que estallar\u00e1n al tocar tu lengua. Con solo una peque\u00f1a cantidad podr\u00e1s practicar\/recibir un exquisito sexo oral o besar a tu pareja cuando gustes.<\/p>\n<p><strong>Contenido:\u00a0<\/strong>9.0 g \/ 0.35 oz<\/p>\n<p><strong>Instrucciones:<\/strong>\u00a0Aplica una peque\u00f1a cantidad en tu boca y pr\u00e1ctica sexo oral. Guarda el resto en un lugar fresco y seco, evitando que entre aire al contenido por lo que se recomienda cerrar bien.<\/p>\n<p><strong>Observaciones:<br \/>\n<\/strong>Vierte una porci\u00f3n en tu boca del caramelo efervescente y practica sexo oral.<br \/>\nLibre de grasas saturadas y trans, colesterol, sodio<br \/>\nNo apto para personas con alergias alimentarias o a lactosa.<\/p>\n","protected":false},"excerpt":{"rendered":"<p>Peta Zeta Rock Candy &#8211; Frutilla para sexo oral. Un caramelo efervescente 100% comestible que brinda una explosi\u00f3n de sabor y sensaciones que estallar\u00e1n al tocar tu lengua. Con solo una peque\u00f1a cantidad podr\u00e1s practicar\/recibir un exquisito sexo oral o besar a tu pareja cuando gustes. Contenido:\u00a09.0 g \/ 0.35 oz Instrucciones:\u00a0Aplica una peque\u00f1a cantidad [&hellip;]<\/p>\n","protected":false},"featured_media":119252,"comment_status":"open","ping_status":"closed","template":"","meta":{"site-sidebar-layout":"default","site-content-layout":"","ast-site-content-layout":"default","site-content-style":"default","site-sidebar-style":"default","ast-global-header-display":"","ast-banner-title-visibility":"","ast-main-header-display":"","ast-hfb-above-header-display":"","ast-hfb-below-header-display":"","ast-hfb-mobile-header-display":"","site-post-title":"","ast-breadcrumbs-content":"","ast-featured-img":"","footer-sml-layout":"","theme-transparent-header-meta":"default","adv-header-id-meta":"","stick-header-meta":"","header-above-stick-meta":"","header-main-stick-meta":"","header-below-stick-meta":"","astra-migrate-meta-layouts":"set","ast-page-background-enabled":"default","ast-page-background-meta":{"desktop":{"background-color":"var(--ast-global-color-4)","background-image":"","background-repeat":"repeat","background-position":"center center","background-size":"auto","background-attachment":"scroll","background-type":"","background-media":"","overlay-type":"","overlay-color":"","overlay-opacity":"","overlay-gradient":""},"tablet":{"background-color":"","background-image":"","background-repeat":"repeat","background-position":"center center","background-size":"auto","background-attachment":"scroll","background-type":"","background-media":"","overlay-type":"","overlay-color":"","overlay-opacity":"","overlay-gradient":""},"mobile":{"background-color":"","background-image":"","background-repeat":"repeat","background-position":"center center","background-size":"auto","background-attachment":"scroll","background-type":"","background-media":"","overlay-type":"","overlay-color":"","overlay-opacity":"","overlay-gradient":""}},"ast-content-background-meta":{"desktop":{"background-color":"var(--ast-global-color-5)","background-image":"","background-repeat":"repeat","background-position":"center center","background-size":"auto","background-attachment":"scroll","background-type":"","background-media":"","overlay-type":"","overlay-color":"","overlay-opacity":"","overlay-gradient":""},"tablet":{"background-color":"var(--ast-global-color-5)","background-image":"","background-repeat":"repeat","background-position":"center center","background-size":"auto","background-attachment":"scroll","background-type":"","background-media":"","overlay-type":"","overlay-color":"","overlay-opacity":"","overlay-gradient":""},"mobile":{"background-color":"var(--ast-global-color-5)","background-image":"","background-repeat":"repeat","background-position":"center center","background-size":"auto","background-attachment":"scroll","background-type":"","background-media":"","overlay-type":"","overlay-color":"","overlay-opacity":"","overlay-gradient":""}}},"class_list":["post-119262","product","type-product","status-publish","has-post-thumbnail","hentry","product_cat-cosmetica-estimulante","desktop-align-left","tablet-align-left","mobile-align-left"],"_links":{"self":[{"href":"https:\/\/pamelainlove.cl\/wp\/wp-json\/wp\/v2\/product\/119262","targetHints":{"allow":["GET"]}}],"collection":[{"href":"https:\/\/pamelainlove.cl\/wp\/wp-json\/wp\/v2\/product"}],"about":[{"href":"https:\/\/pamelainlove.cl\/wp\/wp-json\/wp\/v2\/types\/product"}],"replies":[{"embeddable":true,"href":"https:\/\/pamelainlove.cl\/wp\/wp-json\/wp\/v2\/comments?post=119262"}],"version-history":[{"count":1,"href":"https:\/\/pamelainlove.cl\/wp\/wp-json\/wp\/v2\/product\/119262\/revisions"}],"predecessor-version":[{"id":119263,"href":"https:\/\/pamelainlove.cl\/wp\/wp-json\/wp\/v2\/product\/119262\/revisions\/119263"}],"wp:featuredmedia":[{"embeddable":true,"href":"https:\/\/pamelainlove.cl\/wp\/wp-json\/wp\/v2\/media\/119252"}],"wp:attachment":[{"href":"https:\/\/pamelainlove.cl\/wp\/wp-json\/wp\/v2\/media?parent=119262"}],"curies":[{"name":"wp","href":"https:\/\/api.w.org\/{rel}","templated":true}]}}