{"id":119567,"date":"2026-01-12T16:02:55","date_gmt":"2026-01-12T16:02:55","guid":{"rendered":"https:\/\/pamelainlove.cl\/wp\/?post_type=product&#038;p=119567"},"modified":"2026-01-12T16:02:55","modified_gmt":"2026-01-12T16:02:55","slug":"funda-para-pene-chane","status":"publish","type":"product","link":"https:\/\/pamelainlove.cl\/wp\/shop\/funda-para-pene-chane\/","title":{"rendered":"Funda para Pene Chane"},"content":{"rendered":"<p>Descubre el extensor de pene Pleasure Chane de Pretty Love, dise\u00f1ado para aumentar tu longitud y grosor de forma efectiva y placentera.<\/p>\n<p>Este producto est\u00e1 fabricado con material ultra realista, proporcionando una experiencia aut\u00e9ntica tanto para ti como para tu pareja. Con 5 cm adicionales de longitud y un 35 % m\u00e1s de grosor, este extensor destaca por su superficie texturizada que simula venas realistas y una cabeza bulbosa, garantizando sensaciones naturales durante el uso.<\/p>\n<p>&nbsp;<\/p>\n<p>El canal interno suave envuelve tu erecci\u00f3n, maximizando el contacto y la estimulaci\u00f3n para un placer inigualable. Si buscas mejorar tu desempe\u00f1o y ofrecer una experiencia m\u00e1s gratificante, el extensor de pene Pleasure es la opci\u00f3n ideal. Experimenta nuevas dimensiones del placer con este producto de calidad que se diferencia por su dise\u00f1o detallado y sus caracter\u00edsticas \u00fanicas.<\/p>\n<p>&nbsp;<\/p>\n<p><strong>Caracter\u00edsticas<\/strong><\/p>\n<p>Material: Silicona<br \/>\nColor: blanco<br \/>\nLargo total: 18 cm.<br \/>\nAncho del glande: 3.9 cm<\/p>\n<p><strong>Observaciones<\/strong><\/p>\n<p>Se ajusta al tama\u00f1o del pene.<\/p>\n<p><strong>Recomendaciones<\/strong><\/p>\n<p>Lavar antes y despu\u00e9s de usar<br \/>\nLavar con agua tibia y jab\u00f3n neutro<br \/>\nUtilizar con lubricantes a base de agua o h\u00edbridos por el exterior de la funda.<\/p>\n<p>&nbsp;<\/p>\n<p><strong>\u00a1IMPORTANTE!<\/strong><\/p>\n<p>Todos los empaques de nuestros productos han sido creados para mantener de forma \u00f3ptima todas sus caracter\u00edsticas Organol\u00e9pticas, (olor, color, textura, etc). Cualquier alteraci\u00f3n al packing original puede afectar la calidad del producto y cualquier proceso de garant\u00eda.<\/p>\n","protected":false},"excerpt":{"rendered":"<p>Descubre el extensor de pene Pleasure Chane de Pretty Love, dise\u00f1ado para aumentar tu longitud y grosor de forma efectiva y placentera. Este producto est\u00e1 fabricado con material ultra realista, proporcionando una experiencia aut\u00e9ntica tanto para ti como para tu pareja. Con 5 cm adicionales de longitud y un 35 % m\u00e1s de grosor, este [&hellip;]<\/p>\n","protected":false},"featured_media":119572,"comment_status":"open","ping_status":"closed","template":"","meta":{"site-sidebar-layout":"default","site-content-layout":"","ast-site-content-layout":"default","site-content-style":"default","site-sidebar-style":"default","ast-global-header-display":"","ast-banner-title-visibility":"","ast-main-header-display":"","ast-hfb-above-header-display":"","ast-hfb-below-header-display":"","ast-hfb-mobile-header-display":"","site-post-title":"","ast-breadcrumbs-content":"","ast-featured-img":"","footer-sml-layout":"","theme-transparent-header-meta":"default","adv-header-id-meta":"","stick-header-meta":"","header-above-stick-meta":"","header-main-stick-meta":"","header-below-stick-meta":"","astra-migrate-meta-layouts":"set","ast-page-background-enabled":"default","ast-page-background-meta":{"desktop":{"background-color":"var(--ast-global-color-4)","background-image":"","background-repeat":"repeat","background-position":"center center","background-size":"auto","background-attachment":"scroll","background-type":"","background-media":"","overlay-type":"","overlay-color":"","overlay-opacity":"","overlay-gradient":""},"tablet":{"background-color":"","background-image":"","background-repeat":"repeat","background-position":"center center","background-size":"auto","background-attachment":"scroll","background-type":"","background-media":"","overlay-type":"","overlay-color":"","overlay-opacity":"","overlay-gradient":""},"mobile":{"background-color":"","background-image":"","background-repeat":"repeat","background-position":"center center","background-size":"auto","background-attachment":"scroll","background-type":"","background-media":"","overlay-type":"","overlay-color":"","overlay-opacity":"","overlay-gradient":""}},"ast-content-background-meta":{"desktop":{"background-color":"var(--ast-global-color-5)","background-image":"","background-repeat":"repeat","background-position":"center center","background-size":"auto","background-attachment":"scroll","background-type":"","background-media":"","overlay-type":"","overlay-color":"","overlay-opacity":"","overlay-gradient":""},"tablet":{"background-color":"var(--ast-global-color-5)","background-image":"","background-repeat":"repeat","background-position":"center center","background-size":"auto","background-attachment":"scroll","background-type":"","background-media":"","overlay-type":"","overlay-color":"","overlay-opacity":"","overlay-gradient":""},"mobile":{"background-color":"var(--ast-global-color-5)","background-image":"","background-repeat":"repeat","background-position":"center center","background-size":"auto","background-attachment":"scroll","background-type":"","background-media":"","overlay-type":"","overlay-color":"","overlay-opacity":"","overlay-gradient":""}}},"class_list":["post-119567","product","type-product","status-publish","has-post-thumbnail","hentry","product_cat-protesis-y-fundas","desktop-align-left","tablet-align-left","mobile-align-left"],"_links":{"self":[{"href":"https:\/\/pamelainlove.cl\/wp\/wp-json\/wp\/v2\/product\/119567","targetHints":{"allow":["GET"]}}],"collection":[{"href":"https:\/\/pamelainlove.cl\/wp\/wp-json\/wp\/v2\/product"}],"about":[{"href":"https:\/\/pamelainlove.cl\/wp\/wp-json\/wp\/v2\/types\/product"}],"replies":[{"embeddable":true,"href":"https:\/\/pamelainlove.cl\/wp\/wp-json\/wp\/v2\/comments?post=119567"}],"version-history":[{"count":1,"href":"https:\/\/pamelainlove.cl\/wp\/wp-json\/wp\/v2\/product\/119567\/revisions"}],"predecessor-version":[{"id":119573,"href":"https:\/\/pamelainlove.cl\/wp\/wp-json\/wp\/v2\/product\/119567\/revisions\/119573"}],"wp:featuredmedia":[{"embeddable":true,"href":"https:\/\/pamelainlove.cl\/wp\/wp-json\/wp\/v2\/media\/119572"}],"wp:attachment":[{"href":"https:\/\/pamelainlove.cl\/wp\/wp-json\/wp\/v2\/media?parent=119567"}],"curies":[{"name":"wp","href":"https:\/\/api.w.org\/{rel}","templated":true}]}}