{"id":121202,"date":"2026-02-12T23:40:21","date_gmt":"2026-02-12T23:40:21","guid":{"rendered":"https:\/\/pamelainlove.cl\/wp\/?post_type=product&#038;p=121202"},"modified":"2026-02-13T15:55:33","modified_gmt":"2026-02-13T15:55:33","slug":"vibrador-masajeador-duuna-party-up","status":"publish","type":"product","link":"https:\/\/pamelainlove.cl\/wp\/shop\/vibrador-masajeador-duuna-party-up\/","title":{"rendered":"Vibrador Masajeador Duuna Party Up"},"content":{"rendered":"<p>Experimenta la magia org\u00e1smica del Wonder Mini Stick de PARTY UP.<\/p>\n<p>No te dejes enga\u00f1ar por su tama\u00f1o, este mini masajeador tiene una gran potencia y su peque\u00f1o tama\u00f1o lo hace ideal para noches traviesas fuera de casa. Con 7 ajustes de vibraci\u00f3n diferentes para explorar, estimula pezones, puntas y otras partes para disfrutar de finales que te har\u00e1n poner los ojos en blanco durante todo el d\u00eda. Las vibraciones localizadas en la cabeza del masajeador son ideales para aquellos que quieren ser un poco atrevidos y explorar los juegos de orgasmos forzados.<\/p>\n<p>Recubierto de silicona s\u00faper suave y lisa, este fant\u00e1stico juguete sexual tambi\u00e9n es resistente al agua. Adem\u00e1s, es recargable por USB, por lo que este peque\u00f1o y bonito juguete siempre estar\u00e1 listo para potenciar tu placer.<\/p>\n<p><b>7 funciones de vibraci\u00f3n<\/b><br \/>\n<b>Dimensiones: 16,9 cm x 5 cm<\/b><br \/>\n<b>Peso: 205 gramos<\/b><br \/>\n<b>Resistente al agua<\/b><br \/>\n<b>Material de silicona<\/b><br \/>\n<b>Recargable por USB<\/b><\/p>\n","protected":false},"excerpt":{"rendered":"<p>Experimenta la magia org\u00e1smica del Wonder Mini Stick de PARTY UP. No te dejes enga\u00f1ar por su tama\u00f1o, este mini masajeador tiene una gran potencia y su peque\u00f1o tama\u00f1o lo hace ideal para noches traviesas fuera de casa. Con 7 ajustes de vibraci\u00f3n diferentes para explorar, estimula pezones, puntas y otras partes para disfrutar de [&hellip;]<\/p>\n","protected":false},"featured_media":121233,"comment_status":"open","ping_status":"closed","template":"","meta":{"site-sidebar-layout":"default","site-content-layout":"","ast-site-content-layout":"default","site-content-style":"default","site-sidebar-style":"default","ast-global-header-display":"","ast-banner-title-visibility":"","ast-main-header-display":"","ast-hfb-above-header-display":"","ast-hfb-below-header-display":"","ast-hfb-mobile-header-display":"","site-post-title":"","ast-breadcrumbs-content":"","ast-featured-img":"","footer-sml-layout":"","theme-transparent-header-meta":"default","adv-header-id-meta":"","stick-header-meta":"","header-above-stick-meta":"","header-main-stick-meta":"","header-below-stick-meta":"","astra-migrate-meta-layouts":"set","ast-page-background-enabled":"default","ast-page-background-meta":{"desktop":{"background-color":"var(--ast-global-color-4)","background-image":"","background-repeat":"repeat","background-position":"center center","background-size":"auto","background-attachment":"scroll","background-type":"","background-media":"","overlay-type":"","overlay-color":"","overlay-opacity":"","overlay-gradient":""},"tablet":{"background-color":"","background-image":"","background-repeat":"repeat","background-position":"center center","background-size":"auto","background-attachment":"scroll","background-type":"","background-media":"","overlay-type":"","overlay-color":"","overlay-opacity":"","overlay-gradient":""},"mobile":{"background-color":"","background-image":"","background-repeat":"repeat","background-position":"center center","background-size":"auto","background-attachment":"scroll","background-type":"","background-media":"","overlay-type":"","overlay-color":"","overlay-opacity":"","overlay-gradient":""}},"ast-content-background-meta":{"desktop":{"background-color":"var(--ast-global-color-5)","background-image":"","background-repeat":"repeat","background-position":"center center","background-size":"auto","background-attachment":"scroll","background-type":"","background-media":"","overlay-type":"","overlay-color":"","overlay-opacity":"","overlay-gradient":""},"tablet":{"background-color":"var(--ast-global-color-5)","background-image":"","background-repeat":"repeat","background-position":"center center","background-size":"auto","background-attachment":"scroll","background-type":"","background-media":"","overlay-type":"","overlay-color":"","overlay-opacity":"","overlay-gradient":""},"mobile":{"background-color":"var(--ast-global-color-5)","background-image":"","background-repeat":"repeat","background-position":"center center","background-size":"auto","background-attachment":"scroll","background-type":"","background-media":"","overlay-type":"","overlay-color":"","overlay-opacity":"","overlay-gradient":""}}},"class_list":["post-121202","product","type-product","status-publish","has-post-thumbnail","hentry","product_cat-vibradores","desktop-align-left","tablet-align-left","mobile-align-left"],"_links":{"self":[{"href":"https:\/\/pamelainlove.cl\/wp\/wp-json\/wp\/v2\/product\/121202","targetHints":{"allow":["GET"]}}],"collection":[{"href":"https:\/\/pamelainlove.cl\/wp\/wp-json\/wp\/v2\/product"}],"about":[{"href":"https:\/\/pamelainlove.cl\/wp\/wp-json\/wp\/v2\/types\/product"}],"replies":[{"embeddable":true,"href":"https:\/\/pamelainlove.cl\/wp\/wp-json\/wp\/v2\/comments?post=121202"}],"version-history":[{"count":1,"href":"https:\/\/pamelainlove.cl\/wp\/wp-json\/wp\/v2\/product\/121202\/revisions"}],"predecessor-version":[{"id":121247,"href":"https:\/\/pamelainlove.cl\/wp\/wp-json\/wp\/v2\/product\/121202\/revisions\/121247"}],"wp:featuredmedia":[{"embeddable":true,"href":"https:\/\/pamelainlove.cl\/wp\/wp-json\/wp\/v2\/media\/121233"}],"wp:attachment":[{"href":"https:\/\/pamelainlove.cl\/wp\/wp-json\/wp\/v2\/media?parent=121202"}],"curies":[{"name":"wp","href":"https:\/\/api.w.org\/{rel}","templated":true}]}}