{"id":121254,"date":"2026-02-12T23:52:52","date_gmt":"2026-02-12T23:52:52","guid":{"rendered":"https:\/\/pamelainlove.cl\/wp\/?post_type=product&#038;p=121254"},"modified":"2026-02-16T19:11:39","modified_gmt":"2026-02-16T19:11:39","slug":"anillo-vibrador-wooomy-tribe","status":"publish","type":"product","link":"https:\/\/pamelainlove.cl\/wp\/shop\/anillo-vibrador-wooomy-tribe\/","title":{"rendered":"Anillo Vibrador Wooomy Tribe"},"content":{"rendered":"<p>\u00a1Tribe, el\u00a0anillo vibrador\u00a0que te llevar\u00e1 al \u00e9xtasis durante la fiesta bajo las s\u00e1banas! Este compa\u00f1ero se adapta a todos los tama\u00f1os con la facilidad de un abrazo c\u00f3modo y es tan ergon\u00f3mico que te preguntar\u00e1s por qu\u00e9 no lo descubriste antes. Y no te preocupes, la bala incorporada es como el DJ personal de tu placer, \u00a1te har\u00e1 bailar hasta llegar al cl\u00edmax con sus vibraciones superdivertidas! \u00a1Prep\u00e1rate para una experiencia incomparable llena de risas y satisfacci\u00f3n!<\/p>\n<p>Caracter\u00edsticas Anillo Vibrador Tribe<\/p>\n<p>\u00b7Estimulador de pene y cl\u00edtoris para disfrutar en pareja.<\/p>\n<p>\u00b7Flexible.<\/p>\n<p>\u00b7Fabricado con silicona y ABS.<\/p>\n<p>\u00b7Bala Vibradora incluida.<\/p>\n<p>\u00b7Resistente a salpicaduras.<\/p>\n<p>\u00b7Bater\u00eda con autonom\u00eda de 30 minutos.<\/p>\n<ul>\n<li>Color:\u00a0Azul<\/li>\n<li>Dimensiones:\u00a0Height 6.8 cm \/ Width 5.9 cm \/ Hole Diam 3.18 cm<\/li>\n<li>N\u00famero de funciones:\u00a01<\/li>\n<li>N\u00famero de motores:\u00a01<\/li>\n<li>Impermeabilidad:\u00a0Splashproof-IPX2<\/li>\n<li>Zona de estimulaci\u00f3n:\u00a0Pene \/ Clitoris<\/li>\n<\/ul>\n","protected":false},"excerpt":{"rendered":"<p>\u00a1Tribe, el\u00a0anillo vibrador\u00a0que te llevar\u00e1 al \u00e9xtasis durante la fiesta bajo las s\u00e1banas! Este compa\u00f1ero se adapta a todos los tama\u00f1os con la facilidad de un abrazo c\u00f3modo y es tan ergon\u00f3mico que te preguntar\u00e1s por qu\u00e9 no lo descubriste antes. Y no te preocupes, la bala incorporada es como el DJ personal de tu [&hellip;]<\/p>\n","protected":false},"featured_media":121203,"comment_status":"open","ping_status":"closed","template":"","meta":{"site-sidebar-layout":"default","site-content-layout":"","ast-site-content-layout":"default","site-content-style":"default","site-sidebar-style":"default","ast-global-header-display":"","ast-banner-title-visibility":"","ast-main-header-display":"","ast-hfb-above-header-display":"","ast-hfb-below-header-display":"","ast-hfb-mobile-header-display":"","site-post-title":"","ast-breadcrumbs-content":"","ast-featured-img":"","footer-sml-layout":"","theme-transparent-header-meta":"default","adv-header-id-meta":"","stick-header-meta":"","header-above-stick-meta":"","header-main-stick-meta":"","header-below-stick-meta":"","astra-migrate-meta-layouts":"set","ast-page-background-enabled":"default","ast-page-background-meta":{"desktop":{"background-color":"var(--ast-global-color-4)","background-image":"","background-repeat":"repeat","background-position":"center center","background-size":"auto","background-attachment":"scroll","background-type":"","background-media":"","overlay-type":"","overlay-color":"","overlay-opacity":"","overlay-gradient":""},"tablet":{"background-color":"","background-image":"","background-repeat":"repeat","background-position":"center center","background-size":"auto","background-attachment":"scroll","background-type":"","background-media":"","overlay-type":"","overlay-color":"","overlay-opacity":"","overlay-gradient":""},"mobile":{"background-color":"","background-image":"","background-repeat":"repeat","background-position":"center center","background-size":"auto","background-attachment":"scroll","background-type":"","background-media":"","overlay-type":"","overlay-color":"","overlay-opacity":"","overlay-gradient":""}},"ast-content-background-meta":{"desktop":{"background-color":"var(--ast-global-color-5)","background-image":"","background-repeat":"repeat","background-position":"center center","background-size":"auto","background-attachment":"scroll","background-type":"","background-media":"","overlay-type":"","overlay-color":"","overlay-opacity":"","overlay-gradient":""},"tablet":{"background-color":"var(--ast-global-color-5)","background-image":"","background-repeat":"repeat","background-position":"center center","background-size":"auto","background-attachment":"scroll","background-type":"","background-media":"","overlay-type":"","overlay-color":"","overlay-opacity":"","overlay-gradient":""},"mobile":{"background-color":"var(--ast-global-color-5)","background-image":"","background-repeat":"repeat","background-position":"center center","background-size":"auto","background-attachment":"scroll","background-type":"","background-media":"","overlay-type":"","overlay-color":"","overlay-opacity":"","overlay-gradient":""}}},"class_list":["post-121254","product","type-product","status-publish","has-post-thumbnail","hentry","product_cat-anillos","desktop-align-left","tablet-align-left","mobile-align-left"],"_links":{"self":[{"href":"https:\/\/pamelainlove.cl\/wp\/wp-json\/wp\/v2\/product\/121254","targetHints":{"allow":["GET"]}}],"collection":[{"href":"https:\/\/pamelainlove.cl\/wp\/wp-json\/wp\/v2\/product"}],"about":[{"href":"https:\/\/pamelainlove.cl\/wp\/wp-json\/wp\/v2\/types\/product"}],"replies":[{"embeddable":true,"href":"https:\/\/pamelainlove.cl\/wp\/wp-json\/wp\/v2\/comments?post=121254"}],"version-history":[{"count":1,"href":"https:\/\/pamelainlove.cl\/wp\/wp-json\/wp\/v2\/product\/121254\/revisions"}],"predecessor-version":[{"id":121255,"href":"https:\/\/pamelainlove.cl\/wp\/wp-json\/wp\/v2\/product\/121254\/revisions\/121255"}],"wp:featuredmedia":[{"embeddable":true,"href":"https:\/\/pamelainlove.cl\/wp\/wp-json\/wp\/v2\/media\/121203"}],"wp:attachment":[{"href":"https:\/\/pamelainlove.cl\/wp\/wp-json\/wp\/v2\/media?parent=121254"}],"curies":[{"name":"wp","href":"https:\/\/api.w.org\/{rel}","templated":true}]}}