{"id":21298,"date":"2020-08-01T19:59:40","date_gmt":"2020-08-01T19:59:40","guid":{"rendered":"https:\/\/pamelainlove.cl\/wp\/?post_type=product&#038;p=21298"},"modified":"2025-03-10T18:19:28","modified_gmt":"2025-03-10T18:19:28","slug":"lubricante-anal-dilatador-5ml","status":"publish","type":"product","link":"https:\/\/pamelainlove.cl\/wp\/shop\/lubricante-anal-dilatador-5ml\/","title":{"rendered":"Lubricante Anal Dilatador &#8211; 5ml"},"content":{"rendered":"<p>El lubricante dilatador anal\u00a0 es ideal para dilatar la zona anal haciendo m\u00e1s f\u00e1cil la penetraci\u00f3n. El dilatador Starsex se puede aplicar interna y externamente en el ano sin problemas para tener as\u00ed un sexo anal c\u00f3modo y satisfactorio sin ning\u00fan tipo de problemas.<\/p>\n<p><strong>Ingredientes<\/strong>: Glycerol, Hydroxyethyl Cellulose, Water Suluble Silicone Oil, Propylene Glycol, Hyaluronic Acid, Pure Water, Other.<\/p>\n<p><strong>Caracter\u00edsticas:<br \/>\n<\/strong>Contenido: 5ml<br \/>\nEfecto: Dilatador<\/p>\n<p><strong>Observaciones<\/strong>:<br \/>\nAplicar la cantidad necesaria alrededor del ano, esparcir hasta que el lubricante cubra toda el \u00e1rea.<br \/>\nSe puede utilizar externa e internamente.<br \/>\nConservar a temperatura ambiente en un lugar fresco.<br \/>\nNo utilizar en caso de alergia a alguno de sus componentes.<\/p>\n","protected":false},"excerpt":{"rendered":"<p>El lubricante dilatador anal\u00a0 es ideal para dilatar la zona anal haciendo m\u00e1s f\u00e1cil la penetraci\u00f3n. El dilatador Starsex se puede aplicar interna y externamente en el ano sin problemas para tener as\u00ed un sexo anal c\u00f3modo y satisfactorio sin ning\u00fan tipo de problemas. Ingredientes: Glycerol, Hydroxyethyl Cellulose, Water Suluble Silicone Oil, Propylene Glycol, Hyaluronic [&hellip;]<\/p>\n","protected":false},"featured_media":21301,"comment_status":"open","ping_status":"closed","template":"","meta":{"site-sidebar-layout":"default","site-content-layout":"default","ast-site-content-layout":"","site-content-style":"default","site-sidebar-style":"default","ast-global-header-display":"","ast-banner-title-visibility":"","ast-main-header-display":"","ast-hfb-above-header-display":"","ast-hfb-below-header-display":"","ast-hfb-mobile-header-display":"","site-post-title":"","ast-breadcrumbs-content":"","ast-featured-img":"","footer-sml-layout":"","theme-transparent-header-meta":"default","adv-header-id-meta":"","stick-header-meta":"","header-above-stick-meta":"","header-main-stick-meta":"","header-below-stick-meta":"","astra-migrate-meta-layouts":"default","ast-page-background-enabled":"default","ast-page-background-meta":{"desktop":{"background-color":"var(--ast-global-color-4)","background-image":"","background-repeat":"repeat","background-position":"center center","background-size":"auto","background-attachment":"scroll","background-type":"","background-media":"","overlay-type":"","overlay-color":"","overlay-opacity":"","overlay-gradient":""},"tablet":{"background-color":"","background-image":"","background-repeat":"repeat","background-position":"center center","background-size":"auto","background-attachment":"scroll","background-type":"","background-media":"","overlay-type":"","overlay-color":"","overlay-opacity":"","overlay-gradient":""},"mobile":{"background-color":"","background-image":"","background-repeat":"repeat","background-position":"center center","background-size":"auto","background-attachment":"scroll","background-type":"","background-media":"","overlay-type":"","overlay-color":"","overlay-opacity":"","overlay-gradient":""}},"ast-content-background-meta":{"desktop":{"background-color":"var(--ast-global-color-5)","background-image":"","background-repeat":"repeat","background-position":"center center","background-size":"auto","background-attachment":"scroll","background-type":"","background-media":"","overlay-type":"","overlay-color":"","overlay-opacity":"","overlay-gradient":""},"tablet":{"background-color":"var(--ast-global-color-5)","background-image":"","background-repeat":"repeat","background-position":"center center","background-size":"auto","background-attachment":"scroll","background-type":"","background-media":"","overlay-type":"","overlay-color":"","overlay-opacity":"","overlay-gradient":""},"mobile":{"background-color":"var(--ast-global-color-5)","background-image":"","background-repeat":"repeat","background-position":"center center","background-size":"auto","background-attachment":"scroll","background-type":"","background-media":"","overlay-type":"","overlay-color":"","overlay-opacity":"","overlay-gradient":""}}},"class_list":["post-21298","product","type-product","status-publish","has-post-thumbnail","hentry","product_cat-dilatadores-anales","product_cat-lubricantes","desktop-align-left","tablet-align-left","mobile-align-left"],"_links":{"self":[{"href":"https:\/\/pamelainlove.cl\/wp\/wp-json\/wp\/v2\/product\/21298","targetHints":{"allow":["GET"]}}],"collection":[{"href":"https:\/\/pamelainlove.cl\/wp\/wp-json\/wp\/v2\/product"}],"about":[{"href":"https:\/\/pamelainlove.cl\/wp\/wp-json\/wp\/v2\/types\/product"}],"replies":[{"embeddable":true,"href":"https:\/\/pamelainlove.cl\/wp\/wp-json\/wp\/v2\/comments?post=21298"}],"version-history":[{"count":1,"href":"https:\/\/pamelainlove.cl\/wp\/wp-json\/wp\/v2\/product\/21298\/revisions"}],"predecessor-version":[{"id":21304,"href":"https:\/\/pamelainlove.cl\/wp\/wp-json\/wp\/v2\/product\/21298\/revisions\/21304"}],"wp:featuredmedia":[{"embeddable":true,"href":"https:\/\/pamelainlove.cl\/wp\/wp-json\/wp\/v2\/media\/21301"}],"wp:attachment":[{"href":"https:\/\/pamelainlove.cl\/wp\/wp-json\/wp\/v2\/media?parent=21298"}],"curies":[{"name":"wp","href":"https:\/\/api.w.org\/{rel}","templated":true}]}}