{"id":24601,"date":"2020-09-25T00:00:55","date_gmt":"2020-09-25T00:00:55","guid":{"rendered":"https:\/\/pamelainlove.cl\/wp\/?post_type=product&#038;p=24601"},"modified":"2026-02-17T22:50:51","modified_gmt":"2026-02-17T22:50:51","slug":"satisfyer-power-ring-2","status":"publish","type":"product","link":"https:\/\/pamelainlove.cl\/wp\/shop\/satisfyer-power-ring-2\/","title":{"rendered":"Satisfyer Power Ring 2 Recargable"},"content":{"rendered":"<h1>Power Ring<\/h1>\n<p>Un peque\u00f1o anillo con mucho poder<\/p>\n<p>Esta corona de santidad acaricia amorosamente a tu mejor amigo, \u00a1aunque<br \/>\nlo que hag\u00e1is despu\u00e9s ser\u00e1 cualquier cosa menos inocente! El anillo Satisfyer es todo un complemento para tu sable del amor y os regalar\u00e1 a ti y a tu pareja un est\u00edmulo chispeante y duradero. \u00a1Este peque\u00f1o juguete er\u00f3tico disfruta compartiendo vuestros juegos y a cambio os regala momentos de aut\u00e9ntico placer! Adem\u00e1s, el estimulador del cl\u00edtoris<br \/>\nestimula su bot\u00f3n del amor con 10 intensos modos de vibraci\u00f3n simplemente pulsando un bot\u00f3n. Pero sus intensas vibraciones tambi\u00e9n cuidan de tus cascabeles durante tus t\u00f3rridas andanzas en solitario y te catapultan hacia el inevitable orgasmo.<\/p>\n<h2>Excitante estrechez<\/h2>\n<p>Con su suave y delicada superficie azul profundo de silicona m\u00e9dica, este juguete sexual te arrastra a un \u00e9xtasis celestial con solo pon\u00e9rtelo. Adem\u00e1s el anillo es agradablemente flexible, lo que le permite adaptarse a cualquier tama\u00f1o con el \u00fanico objetivo de apretarse contra tu pene en un c\u00e1lido abrazo. Su agridulce efecto de retenci\u00f3n sangu\u00ednea retrasa con eficacia tu orgasmo y te regala no solo una fant\u00e1stica erecci\u00f3n, sino tambi\u00e9n una m\u00e1xima resistencia, \u00a1algo que no solo te har\u00e1 feliz a ti!<\/p>\n<p>&nbsp;<\/p>\n<ul>\n<li>Impermeable.<\/li>\n<li>Resistencia definitiva<\/li>\n<li>Para juegos en solitario y en pareja<\/li>\n<li>Silicona m\u00e9dica<\/li>\n<li>10 programas de vibraci\u00f3n<\/li>\n<li>Largo total: 5,5cms<\/li>\n<\/ul>\n<p>&nbsp;<\/p>\n<p>Recargable, incluye cable de carga USB<\/p>\n<p>Bater\u00eda de iones de litio<\/p>\n<p>F\u00e1cil de limpiar<\/p>\n<p>Cable de carga magn\u00e9tico por USB<\/p>\n<p>Material:<\/p>\n<p>El anillo es de silicona m\u00e9dica lisa y sedosa. El juguete se limpia f\u00e1cilmente con un poco de jab\u00f3n y agua templada.<\/p>\n","protected":false},"excerpt":{"rendered":"<p>Power Ring Un peque\u00f1o anillo con mucho poder Esta corona de santidad acaricia amorosamente a tu mejor amigo, \u00a1aunque lo que hag\u00e1is despu\u00e9s ser\u00e1 cualquier cosa menos inocente! El anillo Satisfyer es todo un complemento para tu sable del amor y os regalar\u00e1 a ti y a tu pareja un est\u00edmulo chispeante y duradero. \u00a1Este [&hellip;]<\/p>\n","protected":false},"featured_media":24602,"comment_status":"open","ping_status":"closed","template":"","meta":{"site-sidebar-layout":"default","site-content-layout":"default","ast-site-content-layout":"","site-content-style":"default","site-sidebar-style":"default","ast-global-header-display":"","ast-banner-title-visibility":"","ast-main-header-display":"","ast-hfb-above-header-display":"","ast-hfb-below-header-display":"","ast-hfb-mobile-header-display":"","site-post-title":"","ast-breadcrumbs-content":"","ast-featured-img":"","footer-sml-layout":"","theme-transparent-header-meta":"default","adv-header-id-meta":"","stick-header-meta":"","header-above-stick-meta":"","header-main-stick-meta":"","header-below-stick-meta":"","astra-migrate-meta-layouts":"default","ast-page-background-enabled":"default","ast-page-background-meta":{"desktop":{"background-color":"var(--ast-global-color-4)","background-image":"","background-repeat":"repeat","background-position":"center center","background-size":"auto","background-attachment":"scroll","background-type":"","background-media":"","overlay-type":"","overlay-color":"","overlay-opacity":"","overlay-gradient":""},"tablet":{"background-color":"","background-image":"","background-repeat":"repeat","background-position":"center center","background-size":"auto","background-attachment":"scroll","background-type":"","background-media":"","overlay-type":"","overlay-color":"","overlay-opacity":"","overlay-gradient":""},"mobile":{"background-color":"","background-image":"","background-repeat":"repeat","background-position":"center center","background-size":"auto","background-attachment":"scroll","background-type":"","background-media":"","overlay-type":"","overlay-color":"","overlay-opacity":"","overlay-gradient":""}},"ast-content-background-meta":{"desktop":{"background-color":"var(--ast-global-color-5)","background-image":"","background-repeat":"repeat","background-position":"center center","background-size":"auto","background-attachment":"scroll","background-type":"","background-media":"","overlay-type":"","overlay-color":"","overlay-opacity":"","overlay-gradient":""},"tablet":{"background-color":"var(--ast-global-color-5)","background-image":"","background-repeat":"repeat","background-position":"center center","background-size":"auto","background-attachment":"scroll","background-type":"","background-media":"","overlay-type":"","overlay-color":"","overlay-opacity":"","overlay-gradient":""},"mobile":{"background-color":"var(--ast-global-color-5)","background-image":"","background-repeat":"repeat","background-position":"center center","background-size":"auto","background-attachment":"scroll","background-type":"","background-media":"","overlay-type":"","overlay-color":"","overlay-opacity":"","overlay-gradient":""}}},"class_list":["post-24601","product","type-product","status-publish","has-post-thumbnail","hentry","product_cat-anillos","desktop-align-left","tablet-align-left","mobile-align-left"],"_links":{"self":[{"href":"https:\/\/pamelainlove.cl\/wp\/wp-json\/wp\/v2\/product\/24601","targetHints":{"allow":["GET"]}}],"collection":[{"href":"https:\/\/pamelainlove.cl\/wp\/wp-json\/wp\/v2\/product"}],"about":[{"href":"https:\/\/pamelainlove.cl\/wp\/wp-json\/wp\/v2\/types\/product"}],"replies":[{"embeddable":true,"href":"https:\/\/pamelainlove.cl\/wp\/wp-json\/wp\/v2\/comments?post=24601"}],"version-history":[{"count":4,"href":"https:\/\/pamelainlove.cl\/wp\/wp-json\/wp\/v2\/product\/24601\/revisions"}],"predecessor-version":[{"id":95853,"href":"https:\/\/pamelainlove.cl\/wp\/wp-json\/wp\/v2\/product\/24601\/revisions\/95853"}],"wp:featuredmedia":[{"embeddable":true,"href":"https:\/\/pamelainlove.cl\/wp\/wp-json\/wp\/v2\/media\/24602"}],"wp:attachment":[{"href":"https:\/\/pamelainlove.cl\/wp\/wp-json\/wp\/v2\/media?parent=24601"}],"curies":[{"name":"wp","href":"https:\/\/api.w.org\/{rel}","templated":true}]}}