{"id":25092,"date":"2020-10-02T22:21:25","date_gmt":"2020-10-02T22:21:25","guid":{"rendered":"https:\/\/pamelainlove.cl\/wp\/?post_type=product&#038;p=25092"},"modified":"2025-07-02T17:22:27","modified_gmt":"2025-07-02T17:22:27","slug":"lubricante-vaginal-femenino-starsex-100ml","status":"publish","type":"product","link":"https:\/\/pamelainlove.cl\/wp\/shop\/lubricante-vaginal-femenino-starsex-100ml\/","title":{"rendered":"Lubricante Vaginal Femenino Starsex 100ml"},"content":{"rendered":"<p align=\"justify\">Lubricante Vaginal Femenino Starsex 100 ml. Un rico y agradable lubricante hecho a base de agua, que apoyar\u00e1 la lubricaci\u00f3n al momento del acto o bien en tu momento de intimidad. Compatible con juguetes y preservativos y de un suave y exquisito sabor y aroma a frutilla.<\/p>\n<p align=\"justify\">\u00dasalo cuando gustes y disfruta de sus propiedades.<\/p>\n<p><strong>Caracter\u00edsticas:<br \/>\n<\/strong>Hipoalerg\u00e9nico<br \/>\nA base de agua<br \/>\nSabor y aroma a frutilla<br \/>\nHecho en Chile.<\/p>\n<p align=\"justify\"><strong>Ingredientes:<\/strong>\u00a0Agua, Metilparabeno, Propilparabeno, Glicerina, Carboximetilcelulosa, Glicolpropileno, Metilsalicilato, Saborizante Frutilla.<\/p>\n<p><strong>IMPORTANTE<\/strong><strong><br \/>\n<\/strong>Los resultados depender\u00e1n del uso correcto del producto y del organismo de cada persona.<br \/>\nAntes de usa un producto de cosm\u00e9tica er\u00f3tica se recomienda revisar los componentes de este para evitar reacciones al\u00e9rgicas.<br \/>\nEn caso de irritaci\u00f3n suspender y consultar con su dermat\u00f3logo.<\/p>\n","protected":false},"excerpt":{"rendered":"<p>Lubricante Vaginal Femenino Starsex 100 ml. Un rico y agradable lubricante hecho a base de agua, que apoyar\u00e1 la lubricaci\u00f3n al momento del acto o bien en tu momento de intimidad. Compatible con juguetes y preservativos y de un suave y exquisito sabor y aroma a frutilla. \u00dasalo cuando gustes y disfruta de sus propiedades. [&hellip;]<\/p>\n","protected":false},"featured_media":25093,"comment_status":"open","ping_status":"closed","template":"","meta":{"site-sidebar-layout":"default","site-content-layout":"default","ast-site-content-layout":"","site-content-style":"default","site-sidebar-style":"default","ast-global-header-display":"","ast-banner-title-visibility":"","ast-main-header-display":"","ast-hfb-above-header-display":"","ast-hfb-below-header-display":"","ast-hfb-mobile-header-display":"","site-post-title":"","ast-breadcrumbs-content":"","ast-featured-img":"","footer-sml-layout":"","theme-transparent-header-meta":"default","adv-header-id-meta":"","stick-header-meta":"","header-above-stick-meta":"","header-main-stick-meta":"","header-below-stick-meta":"","astra-migrate-meta-layouts":"default","ast-page-background-enabled":"default","ast-page-background-meta":{"desktop":{"background-color":"var(--ast-global-color-4)","background-image":"","background-repeat":"repeat","background-position":"center center","background-size":"auto","background-attachment":"scroll","background-type":"","background-media":"","overlay-type":"","overlay-color":"","overlay-opacity":"","overlay-gradient":""},"tablet":{"background-color":"","background-image":"","background-repeat":"repeat","background-position":"center center","background-size":"auto","background-attachment":"scroll","background-type":"","background-media":"","overlay-type":"","overlay-color":"","overlay-opacity":"","overlay-gradient":""},"mobile":{"background-color":"","background-image":"","background-repeat":"repeat","background-position":"center center","background-size":"auto","background-attachment":"scroll","background-type":"","background-media":"","overlay-type":"","overlay-color":"","overlay-opacity":"","overlay-gradient":""}},"ast-content-background-meta":{"desktop":{"background-color":"var(--ast-global-color-5)","background-image":"","background-repeat":"repeat","background-position":"center center","background-size":"auto","background-attachment":"scroll","background-type":"","background-media":"","overlay-type":"","overlay-color":"","overlay-opacity":"","overlay-gradient":""},"tablet":{"background-color":"var(--ast-global-color-5)","background-image":"","background-repeat":"repeat","background-position":"center center","background-size":"auto","background-attachment":"scroll","background-type":"","background-media":"","overlay-type":"","overlay-color":"","overlay-opacity":"","overlay-gradient":""},"mobile":{"background-color":"var(--ast-global-color-5)","background-image":"","background-repeat":"repeat","background-position":"center center","background-size":"auto","background-attachment":"scroll","background-type":"","background-media":"","overlay-type":"","overlay-color":"","overlay-opacity":"","overlay-gradient":""}}},"class_list":["post-25092","product","type-product","status-publish","has-post-thumbnail","hentry","product_cat-lubricantes","desktop-align-left","tablet-align-left","mobile-align-left"],"_links":{"self":[{"href":"https:\/\/pamelainlove.cl\/wp\/wp-json\/wp\/v2\/product\/25092","targetHints":{"allow":["GET"]}}],"collection":[{"href":"https:\/\/pamelainlove.cl\/wp\/wp-json\/wp\/v2\/product"}],"about":[{"href":"https:\/\/pamelainlove.cl\/wp\/wp-json\/wp\/v2\/types\/product"}],"replies":[{"embeddable":true,"href":"https:\/\/pamelainlove.cl\/wp\/wp-json\/wp\/v2\/comments?post=25092"}],"version-history":[{"count":2,"href":"https:\/\/pamelainlove.cl\/wp\/wp-json\/wp\/v2\/product\/25092\/revisions"}],"predecessor-version":[{"id":86753,"href":"https:\/\/pamelainlove.cl\/wp\/wp-json\/wp\/v2\/product\/25092\/revisions\/86753"}],"wp:featuredmedia":[{"embeddable":true,"href":"https:\/\/pamelainlove.cl\/wp\/wp-json\/wp\/v2\/media\/25093"}],"wp:attachment":[{"href":"https:\/\/pamelainlove.cl\/wp\/wp-json\/wp\/v2\/media?parent=25092"}],"curies":[{"name":"wp","href":"https:\/\/api.w.org\/{rel}","templated":true}]}}