{"id":25560,"date":"2020-10-11T01:25:58","date_gmt":"2020-10-11T01:25:58","guid":{"rendered":"https:\/\/pamelainlove.cl\/wp\/?post_type=product&#038;p=25560"},"modified":"2026-05-09T02:00:32","modified_gmt":"2026-05-09T02:00:32","slug":"25560","status":"publish","type":"product","link":"https:\/\/pamelainlove.cl\/wp\/shop\/25560\/","title":{"rendered":"LIBI WOMAN &#8211; LIBERA TU PASI\u00d3N"},"content":{"rendered":"<p>Si buscas aumentar tu deseo sexual y tu l\u00edbido, no busques m\u00e1s porque con Libi Woman podr\u00e1s mejorar tu vida sexual y sin qu\u00edmicos ni efectos secundarios.<\/p>\n<p>Estas c\u00e1psulas naturales est\u00e1n hechas en base a Damiana, que es una planta amaz\u00f3nica reconocida por ser un potente afrodis\u00edaco natural que ayuda a aumentar el deseo sexual y la l\u00edbido gracias a sus altos efectos estimulantes, lo que se traduce en una mejora de la vida sexual de la pareja en s\u00ed.<\/p>\n<p>Lo mejor de todo es que es recomendable tanto para hombres como para mujeres que busquen una alternativa natural para potenciar su deseo y\/o que busquen potenciarse an\u00edmicamente en el d\u00eda a d\u00eda o incluso para hacer deporte.<\/p>\n<p><strong>Contenido:<\/strong>\u00a060 c\u00e1psulas (duraci\u00f3n 1 mes)<\/p>\n<p><strong>Dosis recomendada:<\/strong>\u00a01 c\u00e1psula cada 12 horas.<\/p>\n<p><strong>Importante:<br \/>\n<\/strong>\u2013 Recomendado para hombres y mujeres, independiente de su edad u orientaci\u00f3n sexual.<br \/>\n\u2013 No genera dependencia ni tiene efectos colaterales.<br \/>\n\u2013 Sus componentes act\u00faan fuertemente sobre el desinter\u00e9s sexual, mejorando la libido y el deseo y estimulando de manera natural la sexualidad. Esto, ya que provoca excitaci\u00f3n en la zona genital, por lo que ayuda a sentir apetito sexual en las personas que lo ingieren<br \/>\n\u2013 Sus componentes est\u00e1n libres de excipientes, esto quiere decir que se encuentran en su calidad m\u00e1s pura, sin qu\u00edmicos.<br \/>\n\u2013 Las c\u00e1psulas de Damian son Hipromelosas, una envoltura de origen 100% vegetal que busca responder a las necesidades y demandas de los consumidores que, ya sea por estilo de vida, necesidades diet\u00e9ticas, factores culturales, tendencias vegetarianas o que est\u00e1n preocupadas por su salud, privilegian la ingesta de productos de origen no animal.<br \/>\n\u2013 Damiana es un producto que cuenta con la certificaci\u00f3n del Seremi de Salud y con sus registros sanitarios al d\u00eda.<\/p>\n<p><strong>Ingredientes:<\/strong>\u00a0Damiana, C\u00e1psula vegetal (HPMC 100%)<\/p>\n<p><strong>Modo de Empleo:<\/strong>\u00a0Tomar con un vaso de agua (200 ml)<\/p>\n<p><strong>Almacenamiento:\u00a0<\/strong>Mantener el envase bien cerrado en un lugar fresco y seco a temperaturas entre -15-25\u00b0 C<\/p>\n<p><strong>Precauciones:<\/strong>\u00a0Su consumo no es recomendable para menores de 8 a\u00f1os, embarazadas y nodrizas, salvo indicaci\u00f3n profesional competente y no reemplaza a una alimentaci\u00f3n balanceada. Tampoco se recomienda para personas que tengan presi\u00f3n alta o problemas card\u00edacos<\/p>\n<p><strong>Nota:\u00a0<\/strong>Natural Balance aconseja consumirlo como un complemento y no como un medicamento. Si presenta alguna disfunci\u00f3n sexual severa, consulte con un m\u00e9dico especialista.<\/p>\n","protected":false},"excerpt":{"rendered":"<p>Si buscas aumentar tu deseo sexual y tu l\u00edbido, no busques m\u00e1s porque con Libi Woman podr\u00e1s mejorar tu vida sexual y sin qu\u00edmicos ni efectos secundarios. Estas c\u00e1psulas naturales est\u00e1n hechas en base a Damiana, que es una planta amaz\u00f3nica reconocida por ser un potente afrodis\u00edaco natural que ayuda a aumentar el deseo sexual [&hellip;]<\/p>\n","protected":false},"featured_media":25561,"comment_status":"open","ping_status":"closed","template":"","meta":{"site-sidebar-layout":"default","site-content-layout":"default","ast-site-content-layout":"","site-content-style":"default","site-sidebar-style":"default","ast-global-header-display":"","ast-banner-title-visibility":"","ast-main-header-display":"","ast-hfb-above-header-display":"","ast-hfb-below-header-display":"","ast-hfb-mobile-header-display":"","site-post-title":"","ast-breadcrumbs-content":"","ast-featured-img":"","footer-sml-layout":"","theme-transparent-header-meta":"default","adv-header-id-meta":"","stick-header-meta":"","header-above-stick-meta":"","header-main-stick-meta":"","header-below-stick-meta":"","astra-migrate-meta-layouts":"default","ast-page-background-enabled":"default","ast-page-background-meta":{"desktop":{"background-color":"var(--ast-global-color-4)","background-image":"","background-repeat":"repeat","background-position":"center center","background-size":"auto","background-attachment":"scroll","background-type":"","background-media":"","overlay-type":"","overlay-color":"","overlay-opacity":"","overlay-gradient":""},"tablet":{"background-color":"","background-image":"","background-repeat":"repeat","background-position":"center center","background-size":"auto","background-attachment":"scroll","background-type":"","background-media":"","overlay-type":"","overlay-color":"","overlay-opacity":"","overlay-gradient":""},"mobile":{"background-color":"","background-image":"","background-repeat":"repeat","background-position":"center center","background-size":"auto","background-attachment":"scroll","background-type":"","background-media":"","overlay-type":"","overlay-color":"","overlay-opacity":"","overlay-gradient":""}},"ast-content-background-meta":{"desktop":{"background-color":"var(--ast-global-color-5)","background-image":"","background-repeat":"repeat","background-position":"center center","background-size":"auto","background-attachment":"scroll","background-type":"","background-media":"","overlay-type":"","overlay-color":"","overlay-opacity":"","overlay-gradient":""},"tablet":{"background-color":"var(--ast-global-color-5)","background-image":"","background-repeat":"repeat","background-position":"center center","background-size":"auto","background-attachment":"scroll","background-type":"","background-media":"","overlay-type":"","overlay-color":"","overlay-opacity":"","overlay-gradient":""},"mobile":{"background-color":"var(--ast-global-color-5)","background-image":"","background-repeat":"repeat","background-position":"center center","background-size":"auto","background-attachment":"scroll","background-type":"","background-media":"","overlay-type":"","overlay-color":"","overlay-opacity":"","overlay-gradient":""}}},"class_list":["post-25560","product","type-product","status-publish","has-post-thumbnail","hentry","product_cat-afrodisiacos","desktop-align-left","tablet-align-left","mobile-align-left"],"_links":{"self":[{"href":"https:\/\/pamelainlove.cl\/wp\/wp-json\/wp\/v2\/product\/25560","targetHints":{"allow":["GET"]}}],"collection":[{"href":"https:\/\/pamelainlove.cl\/wp\/wp-json\/wp\/v2\/product"}],"about":[{"href":"https:\/\/pamelainlove.cl\/wp\/wp-json\/wp\/v2\/types\/product"}],"replies":[{"embeddable":true,"href":"https:\/\/pamelainlove.cl\/wp\/wp-json\/wp\/v2\/comments?post=25560"}],"version-history":[{"count":3,"href":"https:\/\/pamelainlove.cl\/wp\/wp-json\/wp\/v2\/product\/25560\/revisions"}],"predecessor-version":[{"id":71833,"href":"https:\/\/pamelainlove.cl\/wp\/wp-json\/wp\/v2\/product\/25560\/revisions\/71833"}],"wp:featuredmedia":[{"embeddable":true,"href":"https:\/\/pamelainlove.cl\/wp\/wp-json\/wp\/v2\/media\/25561"}],"wp:attachment":[{"href":"https:\/\/pamelainlove.cl\/wp\/wp-json\/wp\/v2\/media?parent=25560"}],"curies":[{"name":"wp","href":"https:\/\/api.w.org\/{rel}","templated":true}]}}