{"id":2580,"date":"2019-08-15T22:28:38","date_gmt":"2019-08-15T22:28:38","guid":{"rendered":"https:\/\/pamelainlove.cl\/wp\/?post_type=product&#038;p=2580"},"modified":"2026-02-17T22:56:04","modified_gmt":"2026-02-17T22:56:04","slug":"gel-vibration-icepower","status":"publish","type":"product","link":"https:\/\/pamelainlove.cl\/wp\/shop\/gel-vibration-icepower\/","title":{"rendered":"Gel Vibration IcePower"},"content":{"rendered":"<p>El Gel Vibration IcePower es fabricado a base de agua, saborizado y potenciado con su principal activo que es Jamb\u00fa que generan el efecto vibratorio, para que los juegos sexuales previos sean er\u00f3ticamente atractivos lo que potenciar\u00e1 las relaciones sexuales. El gel Vibration Ice Power presenta un efecto de vibraci\u00f3n liquida tres veces m\u00e1s potente que el original. Solo debe aplicar una peque\u00f1a pulsacion sobre el cl\u00edtoris, tambi\u00e9n se puede aplicar una peque\u00f1a cantidad sobre la cabeza del pene(dependiendo la sensibilidad de cada hombre) Se recomienda el uso de este producto en la mujer y dejar que el hombre al penetrar sienta la potencia del producto.<\/p>\n<p><strong>Ingredientes<\/strong>: Aqua, propylene glycol, glicerina, triethanolamine, carbomer, acmella oleracea. Activo principal, Jamb\u00fa<\/p>\n<p><strong>Caracter\u00edsticas:<br \/>\n<\/strong>Contenido: 17ml<strong><br \/>\n<\/strong>Sabor: Menta<strong><br \/>\n<\/strong>Efecto: Vibraci\u00f3n fuerte<\/p>\n<p><strong>Observaciones:<br \/>\n<\/strong>Gel estimulante y comestible<strong><br \/>\n<\/strong>Aplicar sobre las zonas er\u00f3genas<strong><br \/>\n<\/strong>Efecto de vibraci\u00f3n liquida intensa<\/p>\n","protected":false},"excerpt":{"rendered":"<p>El Gel Vibration IcePower es fabricado a base de agua, saborizado y potenciado con su principal activo que es Jamb\u00fa que generan el efecto vibratorio, para que los juegos sexuales previos sean er\u00f3ticamente atractivos lo que potenciar\u00e1 las relaciones sexuales. El gel Vibration Ice Power presenta un efecto de vibraci\u00f3n liquida tres veces m\u00e1s potente [&hellip;]<\/p>\n","protected":false},"featured_media":2443,"comment_status":"open","ping_status":"closed","template":"","meta":{"site-sidebar-layout":"default","site-content-layout":"default","ast-site-content-layout":"default","site-content-style":"default","site-sidebar-style":"default","ast-global-header-display":"","ast-banner-title-visibility":"","ast-main-header-display":"","ast-hfb-above-header-display":"","ast-hfb-below-header-display":"","ast-hfb-mobile-header-display":"","site-post-title":"","ast-breadcrumbs-content":"","ast-featured-img":"","footer-sml-layout":"","theme-transparent-header-meta":"default","adv-header-id-meta":"","stick-header-meta":"","header-above-stick-meta":"","header-main-stick-meta":"","header-below-stick-meta":"","astra-migrate-meta-layouts":"set","ast-page-background-enabled":"default","ast-page-background-meta":{"desktop":{"background-color":"var(--ast-global-color-4)","background-image":"","background-repeat":"repeat","background-position":"center center","background-size":"auto","background-attachment":"scroll","background-type":"","background-media":"","overlay-type":"","overlay-color":"","overlay-opacity":"","overlay-gradient":""},"tablet":{"background-color":"","background-image":"","background-repeat":"repeat","background-position":"center center","background-size":"auto","background-attachment":"scroll","background-type":"","background-media":"","overlay-type":"","overlay-color":"","overlay-opacity":"","overlay-gradient":""},"mobile":{"background-color":"","background-image":"","background-repeat":"repeat","background-position":"center center","background-size":"auto","background-attachment":"scroll","background-type":"","background-media":"","overlay-type":"","overlay-color":"","overlay-opacity":"","overlay-gradient":""}},"ast-content-background-meta":{"desktop":{"background-color":"var(--ast-global-color-5)","background-image":"","background-repeat":"repeat","background-position":"center center","background-size":"auto","background-attachment":"scroll","background-type":"","background-media":"","overlay-type":"","overlay-color":"","overlay-opacity":"","overlay-gradient":""},"tablet":{"background-color":"var(--ast-global-color-5)","background-image":"","background-repeat":"repeat","background-position":"center center","background-size":"auto","background-attachment":"scroll","background-type":"","background-media":"","overlay-type":"","overlay-color":"","overlay-opacity":"","overlay-gradient":""},"mobile":{"background-color":"var(--ast-global-color-5)","background-image":"","background-repeat":"repeat","background-position":"center center","background-size":"auto","background-attachment":"scroll","background-type":"","background-media":"","overlay-type":"","overlay-color":"","overlay-opacity":"","overlay-gradient":""}}},"class_list":["post-2580","product","type-product","status-publish","has-post-thumbnail","hentry","product_cat-cosmetica-estimulante","desktop-align-left","tablet-align-left","mobile-align-left"],"_links":{"self":[{"href":"https:\/\/pamelainlove.cl\/wp\/wp-json\/wp\/v2\/product\/2580","targetHints":{"allow":["GET"]}}],"collection":[{"href":"https:\/\/pamelainlove.cl\/wp\/wp-json\/wp\/v2\/product"}],"about":[{"href":"https:\/\/pamelainlove.cl\/wp\/wp-json\/wp\/v2\/types\/product"}],"replies":[{"embeddable":true,"href":"https:\/\/pamelainlove.cl\/wp\/wp-json\/wp\/v2\/comments?post=2580"}],"version-history":[{"count":2,"href":"https:\/\/pamelainlove.cl\/wp\/wp-json\/wp\/v2\/product\/2580\/revisions"}],"predecessor-version":[{"id":100378,"href":"https:\/\/pamelainlove.cl\/wp\/wp-json\/wp\/v2\/product\/2580\/revisions\/100378"}],"wp:featuredmedia":[{"embeddable":true,"href":"https:\/\/pamelainlove.cl\/wp\/wp-json\/wp\/v2\/media\/2443"}],"wp:attachment":[{"href":"https:\/\/pamelainlove.cl\/wp\/wp-json\/wp\/v2\/media?parent=2580"}],"curies":[{"name":"wp","href":"https:\/\/api.w.org\/{rel}","templated":true}]}}