{"id":26508,"date":"2020-10-27T21:12:44","date_gmt":"2020-10-27T21:12:44","guid":{"rendered":"https:\/\/pamelainlove.cl\/wp\/?post_type=product&#038;p=26508"},"modified":"2026-02-07T19:55:23","modified_gmt":"2026-02-07T19:55:23","slug":"vibrador-bala-conejin","status":"publish","type":"product","link":"https:\/\/pamelainlove.cl\/wp\/shop\/vibrador-bala-conejin\/","title":{"rendered":"Vibrador Bala Conejin"},"content":{"rendered":"<p>Bala vibradora y masajeadora femenina con 10 modos de vibraci\u00f3n. Permite seleccionar la funci\u00f3n m\u00e1s conveniente y confortable para activar la actividad sexual.<\/p>\n<p>Particularmente dise\u00f1ado para ayudar a alcanzar altos niveles de placer en minutos&#8230;provocar\u00e1 sensaciones inigualables con sus diferentes y variadas intensidades. Permite alcanzar la zona G. Satisfacci\u00f3n garantizada<\/p>\n<p>* Producto exclusivo de la marca PRETTY LOVE<\/p>\n<p>Caracter\u00edsticas<\/p>\n<p>Hecho en silicona y ABS, completamente saludable y de tacto agradable<\/p>\n<p>Amigable para el uso y seguro<\/p>\n<p>Movimiento ascendente y descendente autom\u00e1tico<\/p>\n<p>10 diferentes frecuencias opcionales<\/p>\n<p>Re-usable\u00a0y recargable<\/p>\n<p>A prueba de contacto con el agua ( no sumergible)<\/p>\n<p>Utiliza pila triple A (1)<\/p>\n<p>Medidas: 12,7cms largo \/ 2,4cms ancho<\/p>\n<p>Color: p\u00farpura<\/p>\n<p>Peso: 72grs<\/p>\n<p>* NO INCLUYE PILA<\/p>\n","protected":false},"excerpt":{"rendered":"<p>Bala vibradora y masajeadora femenina con 10 modos de vibraci\u00f3n. Permite seleccionar la funci\u00f3n m\u00e1s conveniente y confortable para activar la actividad sexual. Particularmente dise\u00f1ado para ayudar a alcanzar altos niveles de placer en minutos&#8230;provocar\u00e1 sensaciones inigualables con sus diferentes y variadas intensidades. Permite alcanzar la zona G. Satisfacci\u00f3n garantizada * Producto exclusivo de la [&hellip;]<\/p>\n","protected":false},"featured_media":26509,"comment_status":"open","ping_status":"closed","template":"","meta":{"site-sidebar-layout":"default","site-content-layout":"default","ast-site-content-layout":"","site-content-style":"default","site-sidebar-style":"default","ast-global-header-display":"","ast-banner-title-visibility":"","ast-main-header-display":"","ast-hfb-above-header-display":"","ast-hfb-below-header-display":"","ast-hfb-mobile-header-display":"","site-post-title":"","ast-breadcrumbs-content":"","ast-featured-img":"","footer-sml-layout":"","theme-transparent-header-meta":"default","adv-header-id-meta":"","stick-header-meta":"","header-above-stick-meta":"","header-main-stick-meta":"","header-below-stick-meta":"","astra-migrate-meta-layouts":"default","ast-page-background-enabled":"default","ast-page-background-meta":{"desktop":{"background-color":"var(--ast-global-color-4)","background-image":"","background-repeat":"repeat","background-position":"center center","background-size":"auto","background-attachment":"scroll","background-type":"","background-media":"","overlay-type":"","overlay-color":"","overlay-opacity":"","overlay-gradient":""},"tablet":{"background-color":"","background-image":"","background-repeat":"repeat","background-position":"center center","background-size":"auto","background-attachment":"scroll","background-type":"","background-media":"","overlay-type":"","overlay-color":"","overlay-opacity":"","overlay-gradient":""},"mobile":{"background-color":"","background-image":"","background-repeat":"repeat","background-position":"center center","background-size":"auto","background-attachment":"scroll","background-type":"","background-media":"","overlay-type":"","overlay-color":"","overlay-opacity":"","overlay-gradient":""}},"ast-content-background-meta":{"desktop":{"background-color":"var(--ast-global-color-5)","background-image":"","background-repeat":"repeat","background-position":"center center","background-size":"auto","background-attachment":"scroll","background-type":"","background-media":"","overlay-type":"","overlay-color":"","overlay-opacity":"","overlay-gradient":""},"tablet":{"background-color":"var(--ast-global-color-5)","background-image":"","background-repeat":"repeat","background-position":"center center","background-size":"auto","background-attachment":"scroll","background-type":"","background-media":"","overlay-type":"","overlay-color":"","overlay-opacity":"","overlay-gradient":""},"mobile":{"background-color":"var(--ast-global-color-5)","background-image":"","background-repeat":"repeat","background-position":"center center","background-size":"auto","background-attachment":"scroll","background-type":"","background-media":"","overlay-type":"","overlay-color":"","overlay-opacity":"","overlay-gradient":""}}},"class_list":["post-26508","product","type-product","status-publish","has-post-thumbnail","hentry","product_cat-vibradores","desktop-align-left","tablet-align-left","mobile-align-left"],"_links":{"self":[{"href":"https:\/\/pamelainlove.cl\/wp\/wp-json\/wp\/v2\/product\/26508","targetHints":{"allow":["GET"]}}],"collection":[{"href":"https:\/\/pamelainlove.cl\/wp\/wp-json\/wp\/v2\/product"}],"about":[{"href":"https:\/\/pamelainlove.cl\/wp\/wp-json\/wp\/v2\/types\/product"}],"replies":[{"embeddable":true,"href":"https:\/\/pamelainlove.cl\/wp\/wp-json\/wp\/v2\/comments?post=26508"}],"version-history":[{"count":1,"href":"https:\/\/pamelainlove.cl\/wp\/wp-json\/wp\/v2\/product\/26508\/revisions"}],"predecessor-version":[{"id":26510,"href":"https:\/\/pamelainlove.cl\/wp\/wp-json\/wp\/v2\/product\/26508\/revisions\/26510"}],"wp:featuredmedia":[{"embeddable":true,"href":"https:\/\/pamelainlove.cl\/wp\/wp-json\/wp\/v2\/media\/26509"}],"wp:attachment":[{"href":"https:\/\/pamelainlove.cl\/wp\/wp-json\/wp\/v2\/media?parent=26508"}],"curies":[{"name":"wp","href":"https:\/\/api.w.org\/{rel}","templated":true}]}}