{"id":26652,"date":"2020-10-28T17:51:29","date_gmt":"2020-10-28T17:51:29","guid":{"rendered":"https:\/\/pamelainlove.cl\/wp\/?post_type=product&#038;p=26652"},"modified":"2026-03-26T22:46:37","modified_gmt":"2026-03-26T22:46:37","slug":"plug-ball-heavy","status":"publish","type":"product","link":"https:\/\/pamelainlove.cl\/wp\/shop\/plug-ball-heavy\/","title":{"rendered":"Plug ball heavy"},"content":{"rendered":"<p>Agrega un poco de ritmo y vibraci\u00f3n a tu vida sexual con este plug que posee unas bolitas pesadas en su interior que al moverse provocar\u00e1n &#8220;golpecitos&#8221; creando una sensaci\u00f3n \u00fanica. Esta sensaci\u00f3n a su vez har\u00e1 a su vez unas contracciones estimulantes en los\u00a0m\u00fasculos de la zona anal.<\/p>\n<p>* Producto exclusivo de la marca PRETTY LOVE<\/p>\n<p>Material: Silicona<\/p>\n<p>A prueba de agua<\/p>\n","protected":false},"excerpt":{"rendered":"<p>Agrega un poco de ritmo y vibraci\u00f3n a tu vida sexual con este plug que posee unas bolitas pesadas en su interior que al moverse provocar\u00e1n &#8220;golpecitos&#8221; creando una sensaci\u00f3n \u00fanica. Esta sensaci\u00f3n a su vez har\u00e1 a su vez unas contracciones estimulantes en los\u00a0m\u00fasculos de la zona anal. * Producto exclusivo de la marca [&hellip;]<\/p>\n","protected":false},"featured_media":26653,"comment_status":"open","ping_status":"closed","template":"","meta":{"site-sidebar-layout":"default","site-content-layout":"default","ast-site-content-layout":"","site-content-style":"default","site-sidebar-style":"default","ast-global-header-display":"","ast-banner-title-visibility":"","ast-main-header-display":"","ast-hfb-above-header-display":"","ast-hfb-below-header-display":"","ast-hfb-mobile-header-display":"","site-post-title":"","ast-breadcrumbs-content":"","ast-featured-img":"","footer-sml-layout":"","theme-transparent-header-meta":"default","adv-header-id-meta":"","stick-header-meta":"","header-above-stick-meta":"","header-main-stick-meta":"","header-below-stick-meta":"","astra-migrate-meta-layouts":"default","ast-page-background-enabled":"default","ast-page-background-meta":{"desktop":{"background-color":"var(--ast-global-color-4)","background-image":"","background-repeat":"repeat","background-position":"center center","background-size":"auto","background-attachment":"scroll","background-type":"","background-media":"","overlay-type":"","overlay-color":"","overlay-opacity":"","overlay-gradient":""},"tablet":{"background-color":"","background-image":"","background-repeat":"repeat","background-position":"center center","background-size":"auto","background-attachment":"scroll","background-type":"","background-media":"","overlay-type":"","overlay-color":"","overlay-opacity":"","overlay-gradient":""},"mobile":{"background-color":"","background-image":"","background-repeat":"repeat","background-position":"center center","background-size":"auto","background-attachment":"scroll","background-type":"","background-media":"","overlay-type":"","overlay-color":"","overlay-opacity":"","overlay-gradient":""}},"ast-content-background-meta":{"desktop":{"background-color":"var(--ast-global-color-5)","background-image":"","background-repeat":"repeat","background-position":"center center","background-size":"auto","background-attachment":"scroll","background-type":"","background-media":"","overlay-type":"","overlay-color":"","overlay-opacity":"","overlay-gradient":""},"tablet":{"background-color":"var(--ast-global-color-5)","background-image":"","background-repeat":"repeat","background-position":"center center","background-size":"auto","background-attachment":"scroll","background-type":"","background-media":"","overlay-type":"","overlay-color":"","overlay-opacity":"","overlay-gradient":""},"mobile":{"background-color":"var(--ast-global-color-5)","background-image":"","background-repeat":"repeat","background-position":"center center","background-size":"auto","background-attachment":"scroll","background-type":"","background-media":"","overlay-type":"","overlay-color":"","overlay-opacity":"","overlay-gradient":""}}},"class_list":["post-26652","product","type-product","status-publish","has-post-thumbnail","hentry","product_cat-dilatadores-anales","desktop-align-left","tablet-align-left","mobile-align-left"],"_links":{"self":[{"href":"https:\/\/pamelainlove.cl\/wp\/wp-json\/wp\/v2\/product\/26652","targetHints":{"allow":["GET"]}}],"collection":[{"href":"https:\/\/pamelainlove.cl\/wp\/wp-json\/wp\/v2\/product"}],"about":[{"href":"https:\/\/pamelainlove.cl\/wp\/wp-json\/wp\/v2\/types\/product"}],"replies":[{"embeddable":true,"href":"https:\/\/pamelainlove.cl\/wp\/wp-json\/wp\/v2\/comments?post=26652"}],"version-history":[{"count":1,"href":"https:\/\/pamelainlove.cl\/wp\/wp-json\/wp\/v2\/product\/26652\/revisions"}],"predecessor-version":[{"id":26655,"href":"https:\/\/pamelainlove.cl\/wp\/wp-json\/wp\/v2\/product\/26652\/revisions\/26655"}],"wp:featuredmedia":[{"embeddable":true,"href":"https:\/\/pamelainlove.cl\/wp\/wp-json\/wp\/v2\/media\/26653"}],"wp:attachment":[{"href":"https:\/\/pamelainlove.cl\/wp\/wp-json\/wp\/v2\/media?parent=26652"}],"curies":[{"name":"wp","href":"https:\/\/api.w.org\/{rel}","templated":true}]}}