{"id":26837,"date":"2020-10-30T14:17:14","date_gmt":"2020-10-30T14:17:14","guid":{"rendered":"https:\/\/pamelainlove.cl\/wp\/?post_type=product&#038;p=26837"},"modified":"2026-03-26T22:45:48","modified_gmt":"2026-03-26T22:45:48","slug":"vagina-gran-amante","status":"publish","type":"product","link":"https:\/\/pamelainlove.cl\/wp\/shop\/vagina-gran-amante\/","title":{"rendered":"Vagina Gran Amante"},"content":{"rendered":"<p>Si quieres Masturbarte y sentir un placer \u00fanico, la Gran Amante es para ti. Esta vagina masturbadora de textura suave y real hecha de Cyber Skin, te dar\u00e1 una experiencia casi real al momento de masturbarte, su textura interior es parecida a la de una vagina real, solo tendr\u00e1s que cerrar los ojos y echar o correr tu imaginaci\u00f3n y disfrutar de tus fantas\u00edas.<br \/>\nLa gran amante es tan real que te har\u00e1 creer que estas con la mujer de tus sue\u00f1os. Este masturbador tiene una forma perfecta que se asegurara de que sientas una presi\u00f3n justa y placentera que se amoldara perfectamente a tu pene.<\/p>\n<p><strong>Caracter\u00edsticas:<br \/>\n<\/strong>Material: Cyber Skin<br \/>\nLargo total: 25 cm.<br \/>\nDi\u00e1metro mayor: 8.5 cm.<br \/>\nColor: Rosado<br \/>\nUnidades: 1<\/p>\n<p><strong>Observaciones:<\/strong><br \/>\nLavar con agua tibia y jab\u00f3n neutro antes y despu\u00e9s de usarlo.<br \/>\nUtilizar con lubricante a base de agua<\/p>\n","protected":false},"excerpt":{"rendered":"<p>Si quieres Masturbarte y sentir un placer \u00fanico, la Gran Amante es para ti. Esta vagina masturbadora de textura suave y real hecha de Cyber Skin, te dar\u00e1 una experiencia casi real al momento de masturbarte, su textura interior es parecida a la de una vagina real, solo tendr\u00e1s que cerrar los ojos y echar [&hellip;]<\/p>\n","protected":false},"featured_media":26838,"comment_status":"open","ping_status":"closed","template":"","meta":{"site-sidebar-layout":"default","site-content-layout":"default","ast-site-content-layout":"","site-content-style":"default","site-sidebar-style":"default","ast-global-header-display":"","ast-banner-title-visibility":"","ast-main-header-display":"","ast-hfb-above-header-display":"","ast-hfb-below-header-display":"","ast-hfb-mobile-header-display":"","site-post-title":"","ast-breadcrumbs-content":"","ast-featured-img":"","footer-sml-layout":"","theme-transparent-header-meta":"default","adv-header-id-meta":"","stick-header-meta":"","header-above-stick-meta":"","header-main-stick-meta":"","header-below-stick-meta":"","astra-migrate-meta-layouts":"default","ast-page-background-enabled":"default","ast-page-background-meta":{"desktop":{"background-color":"var(--ast-global-color-4)","background-image":"","background-repeat":"repeat","background-position":"center center","background-size":"auto","background-attachment":"scroll","background-type":"","background-media":"","overlay-type":"","overlay-color":"","overlay-opacity":"","overlay-gradient":""},"tablet":{"background-color":"","background-image":"","background-repeat":"repeat","background-position":"center center","background-size":"auto","background-attachment":"scroll","background-type":"","background-media":"","overlay-type":"","overlay-color":"","overlay-opacity":"","overlay-gradient":""},"mobile":{"background-color":"","background-image":"","background-repeat":"repeat","background-position":"center center","background-size":"auto","background-attachment":"scroll","background-type":"","background-media":"","overlay-type":"","overlay-color":"","overlay-opacity":"","overlay-gradient":""}},"ast-content-background-meta":{"desktop":{"background-color":"var(--ast-global-color-5)","background-image":"","background-repeat":"repeat","background-position":"center center","background-size":"auto","background-attachment":"scroll","background-type":"","background-media":"","overlay-type":"","overlay-color":"","overlay-opacity":"","overlay-gradient":""},"tablet":{"background-color":"var(--ast-global-color-5)","background-image":"","background-repeat":"repeat","background-position":"center center","background-size":"auto","background-attachment":"scroll","background-type":"","background-media":"","overlay-type":"","overlay-color":"","overlay-opacity":"","overlay-gradient":""},"mobile":{"background-color":"var(--ast-global-color-5)","background-image":"","background-repeat":"repeat","background-position":"center center","background-size":"auto","background-attachment":"scroll","background-type":"","background-media":"","overlay-type":"","overlay-color":"","overlay-opacity":"","overlay-gradient":""}}},"class_list":["post-26837","product","type-product","status-publish","has-post-thumbnail","hentry","product_cat-masturbadores","desktop-align-left","tablet-align-left","mobile-align-left"],"_links":{"self":[{"href":"https:\/\/pamelainlove.cl\/wp\/wp-json\/wp\/v2\/product\/26837","targetHints":{"allow":["GET"]}}],"collection":[{"href":"https:\/\/pamelainlove.cl\/wp\/wp-json\/wp\/v2\/product"}],"about":[{"href":"https:\/\/pamelainlove.cl\/wp\/wp-json\/wp\/v2\/types\/product"}],"replies":[{"embeddable":true,"href":"https:\/\/pamelainlove.cl\/wp\/wp-json\/wp\/v2\/comments?post=26837"}],"version-history":[{"count":1,"href":"https:\/\/pamelainlove.cl\/wp\/wp-json\/wp\/v2\/product\/26837\/revisions"}],"predecessor-version":[{"id":26841,"href":"https:\/\/pamelainlove.cl\/wp\/wp-json\/wp\/v2\/product\/26837\/revisions\/26841"}],"wp:featuredmedia":[{"embeddable":true,"href":"https:\/\/pamelainlove.cl\/wp\/wp-json\/wp\/v2\/media\/26838"}],"wp:attachment":[{"href":"https:\/\/pamelainlove.cl\/wp\/wp-json\/wp\/v2\/media?parent=26837"}],"curies":[{"name":"wp","href":"https:\/\/api.w.org\/{rel}","templated":true}]}}