{"id":30907,"date":"2021-01-18T16:35:51","date_gmt":"2021-01-18T16:35:51","guid":{"rendered":"https:\/\/pamelainlove.cl\/wp\/?post_type=product&#038;p=30907"},"modified":"2026-03-26T22:42:40","modified_gmt":"2026-03-26T22:42:40","slug":"lubricante-amor-liquido-clasico-neutro","status":"publish","type":"product","link":"https:\/\/pamelainlove.cl\/wp\/shop\/lubricante-amor-liquido-clasico-neutro\/","title":{"rendered":"Lubricante Amor Liquido &#8211; Cl\u00e1sico Neutro"},"content":{"rendered":"<p>Cl\u00e1sico Neutro: Infaltable en el velador&#8230; Estos lubricantes son sedosos y ligeros. Imitan perfectamente la lubricaci\u00f3n natural de la mujer. Hechos en base de agua para una saludable e higi\u00e9nica performance. Amigable con el latex.<\/p>\n<p>Contenido: 100ml.<\/p>\n","protected":false},"excerpt":{"rendered":"<p>Cl\u00e1sico Neutro: Infaltable en el velador&#8230; Estos lubricantes son sedosos y ligeros. Imitan perfectamente la lubricaci\u00f3n natural de la mujer. Hechos en base de agua para una saludable e higi\u00e9nica performance. Amigable con el latex. Contenido: 100ml.<\/p>\n","protected":false},"featured_media":30908,"comment_status":"open","ping_status":"closed","template":"","meta":{"site-sidebar-layout":"default","site-content-layout":"default","ast-site-content-layout":"","site-content-style":"default","site-sidebar-style":"default","ast-global-header-display":"","ast-banner-title-visibility":"","ast-main-header-display":"","ast-hfb-above-header-display":"","ast-hfb-below-header-display":"","ast-hfb-mobile-header-display":"","site-post-title":"","ast-breadcrumbs-content":"","ast-featured-img":"","footer-sml-layout":"","theme-transparent-header-meta":"default","adv-header-id-meta":"","stick-header-meta":"","header-above-stick-meta":"","header-main-stick-meta":"","header-below-stick-meta":"","astra-migrate-meta-layouts":"default","ast-page-background-enabled":"default","ast-page-background-meta":{"desktop":{"background-color":"var(--ast-global-color-4)","background-image":"","background-repeat":"repeat","background-position":"center center","background-size":"auto","background-attachment":"scroll","background-type":"","background-media":"","overlay-type":"","overlay-color":"","overlay-opacity":"","overlay-gradient":""},"tablet":{"background-color":"","background-image":"","background-repeat":"repeat","background-position":"center center","background-size":"auto","background-attachment":"scroll","background-type":"","background-media":"","overlay-type":"","overlay-color":"","overlay-opacity":"","overlay-gradient":""},"mobile":{"background-color":"","background-image":"","background-repeat":"repeat","background-position":"center center","background-size":"auto","background-attachment":"scroll","background-type":"","background-media":"","overlay-type":"","overlay-color":"","overlay-opacity":"","overlay-gradient":""}},"ast-content-background-meta":{"desktop":{"background-color":"var(--ast-global-color-5)","background-image":"","background-repeat":"repeat","background-position":"center center","background-size":"auto","background-attachment":"scroll","background-type":"","background-media":"","overlay-type":"","overlay-color":"","overlay-opacity":"","overlay-gradient":""},"tablet":{"background-color":"var(--ast-global-color-5)","background-image":"","background-repeat":"repeat","background-position":"center center","background-size":"auto","background-attachment":"scroll","background-type":"","background-media":"","overlay-type":"","overlay-color":"","overlay-opacity":"","overlay-gradient":""},"mobile":{"background-color":"var(--ast-global-color-5)","background-image":"","background-repeat":"repeat","background-position":"center center","background-size":"auto","background-attachment":"scroll","background-type":"","background-media":"","overlay-type":"","overlay-color":"","overlay-opacity":"","overlay-gradient":""}}},"class_list":["post-30907","product","type-product","status-publish","has-post-thumbnail","hentry","product_cat-lubricantes","desktop-align-left","tablet-align-left","mobile-align-left"],"_links":{"self":[{"href":"https:\/\/pamelainlove.cl\/wp\/wp-json\/wp\/v2\/product\/30907","targetHints":{"allow":["GET"]}}],"collection":[{"href":"https:\/\/pamelainlove.cl\/wp\/wp-json\/wp\/v2\/product"}],"about":[{"href":"https:\/\/pamelainlove.cl\/wp\/wp-json\/wp\/v2\/types\/product"}],"replies":[{"embeddable":true,"href":"https:\/\/pamelainlove.cl\/wp\/wp-json\/wp\/v2\/comments?post=30907"}],"version-history":[{"count":1,"href":"https:\/\/pamelainlove.cl\/wp\/wp-json\/wp\/v2\/product\/30907\/revisions"}],"predecessor-version":[{"id":30909,"href":"https:\/\/pamelainlove.cl\/wp\/wp-json\/wp\/v2\/product\/30907\/revisions\/30909"}],"wp:featuredmedia":[{"embeddable":true,"href":"https:\/\/pamelainlove.cl\/wp\/wp-json\/wp\/v2\/media\/30908"}],"wp:attachment":[{"href":"https:\/\/pamelainlove.cl\/wp\/wp-json\/wp\/v2\/media?parent=30907"}],"curies":[{"name":"wp","href":"https:\/\/api.w.org\/{rel}","templated":true}]}}