{"id":33514,"date":"2021-03-09T21:20:00","date_gmt":"2021-03-09T21:20:00","guid":{"rendered":"https:\/\/pamelainlove.cl\/wp\/?post_type=product&#038;p=33514"},"modified":"2025-08-26T18:33:27","modified_gmt":"2025-08-26T18:33:27","slug":"babydoll-esther","status":"publish","type":"product","link":"https:\/\/pamelainlove.cl\/wp\/shop\/babydoll-esther\/","title":{"rendered":"Babydoll Esther Talla L"},"content":{"rendered":"<p style=\"font-weight: 400;\">Esther es un body de encaje rojo con detalles de tiras el\u00e1sticas en el cuerpo. Su top es un sost\u00e9n con copa que entrega m\u00e1ximo soporte y tiras ajustables de hombre que se adaptan de mejor. Su parte inferior contiene un broche de seguridad para f\u00e1cil uso y su corte es tipo bikini.<\/p>\n<p style=\"font-weight: 400;\">Con Forro<\/p>\n<p style=\"font-weight: 400;\">Con barba met\u00e1lica<\/p>\n<p style=\"font-weight: 400;\">Broche de seguridad<\/p>\n<p style=\"font-weight: 400;\">Tirantes de hombro ajustables<\/p>\n<p style=\"font-weight: 400;\">Material: 95% poli\u00e9ster 5% spandex<\/p>\n<p style=\"font-weight: 400;\">Talla: L<\/p>\n<p style=\"font-weight: 400;\"><strong style=\"font-weight: 500;\">Medidas:\u00a0<\/strong><\/p>\n<p style=\"font-weight: 400;\">Ancho contorno: 74 cm<\/p>\n<p style=\"font-weight: 400;\">Largo total: 52 cm<\/p>\n<p style=\"font-weight: 400;\">Color: Rojo<\/p>\n<p style=\"font-weight: 400;\">Recomendamos lavar tu producto a mano para cuidar su vida \u00fatil, escurrir suavemente sin estrujar, para evitar estropear el tejido. No planchar, no lavar en seco<\/p>\n","protected":false},"excerpt":{"rendered":"<p>Esther es un body de encaje rojo con detalles de tiras el\u00e1sticas en el cuerpo. Su top es un sost\u00e9n con copa que entrega m\u00e1ximo soporte y tiras ajustables de hombre que se adaptan de mejor. Su parte inferior contiene un broche de seguridad para f\u00e1cil uso y su corte es tipo bikini. Con Forro [&hellip;]<\/p>\n","protected":false},"featured_media":33451,"comment_status":"open","ping_status":"closed","template":"","meta":{"site-sidebar-layout":"default","site-content-layout":"default","ast-site-content-layout":"","site-content-style":"default","site-sidebar-style":"default","ast-global-header-display":"","ast-banner-title-visibility":"","ast-main-header-display":"","ast-hfb-above-header-display":"","ast-hfb-below-header-display":"","ast-hfb-mobile-header-display":"","site-post-title":"","ast-breadcrumbs-content":"","ast-featured-img":"","footer-sml-layout":"","theme-transparent-header-meta":"default","adv-header-id-meta":"","stick-header-meta":"","header-above-stick-meta":"","header-main-stick-meta":"","header-below-stick-meta":"","astra-migrate-meta-layouts":"default","ast-page-background-enabled":"default","ast-page-background-meta":{"desktop":{"background-color":"var(--ast-global-color-4)","background-image":"","background-repeat":"repeat","background-position":"center center","background-size":"auto","background-attachment":"scroll","background-type":"","background-media":"","overlay-type":"","overlay-color":"","overlay-opacity":"","overlay-gradient":""},"tablet":{"background-color":"","background-image":"","background-repeat":"repeat","background-position":"center center","background-size":"auto","background-attachment":"scroll","background-type":"","background-media":"","overlay-type":"","overlay-color":"","overlay-opacity":"","overlay-gradient":""},"mobile":{"background-color":"","background-image":"","background-repeat":"repeat","background-position":"center center","background-size":"auto","background-attachment":"scroll","background-type":"","background-media":"","overlay-type":"","overlay-color":"","overlay-opacity":"","overlay-gradient":""}},"ast-content-background-meta":{"desktop":{"background-color":"var(--ast-global-color-5)","background-image":"","background-repeat":"repeat","background-position":"center center","background-size":"auto","background-attachment":"scroll","background-type":"","background-media":"","overlay-type":"","overlay-color":"","overlay-opacity":"","overlay-gradient":""},"tablet":{"background-color":"var(--ast-global-color-5)","background-image":"","background-repeat":"repeat","background-position":"center center","background-size":"auto","background-attachment":"scroll","background-type":"","background-media":"","overlay-type":"","overlay-color":"","overlay-opacity":"","overlay-gradient":""},"mobile":{"background-color":"var(--ast-global-color-5)","background-image":"","background-repeat":"repeat","background-position":"center center","background-size":"auto","background-attachment":"scroll","background-type":"","background-media":"","overlay-type":"","overlay-color":"","overlay-opacity":"","overlay-gradient":""}}},"class_list":["post-33514","product","type-product","status-publish","has-post-thumbnail","hentry","product_cat-lenceria","desktop-align-left","tablet-align-left","mobile-align-left"],"_links":{"self":[{"href":"https:\/\/pamelainlove.cl\/wp\/wp-json\/wp\/v2\/product\/33514","targetHints":{"allow":["GET"]}}],"collection":[{"href":"https:\/\/pamelainlove.cl\/wp\/wp-json\/wp\/v2\/product"}],"about":[{"href":"https:\/\/pamelainlove.cl\/wp\/wp-json\/wp\/v2\/types\/product"}],"replies":[{"embeddable":true,"href":"https:\/\/pamelainlove.cl\/wp\/wp-json\/wp\/v2\/comments?post=33514"}],"version-history":[{"count":2,"href":"https:\/\/pamelainlove.cl\/wp\/wp-json\/wp\/v2\/product\/33514\/revisions"}],"predecessor-version":[{"id":35079,"href":"https:\/\/pamelainlove.cl\/wp\/wp-json\/wp\/v2\/product\/33514\/revisions\/35079"}],"wp:featuredmedia":[{"embeddable":true,"href":"https:\/\/pamelainlove.cl\/wp\/wp-json\/wp\/v2\/media\/33451"}],"wp:attachment":[{"href":"https:\/\/pamelainlove.cl\/wp\/wp-json\/wp\/v2\/media?parent=33514"}],"curies":[{"name":"wp","href":"https:\/\/api.w.org\/{rel}","templated":true}]}}