{"id":3527,"date":"2019-08-16T23:19:16","date_gmt":"2019-08-16T23:19:16","guid":{"rendered":"https:\/\/pamelainlove.cl\/wp\/?post_type=product&#038;p=3527"},"modified":"2025-11-08T21:55:20","modified_gmt":"2025-11-08T21:55:20","slug":"arnes-con-consolador-negro","status":"publish","type":"product","link":"https:\/\/pamelainlove.cl\/wp\/shop\/arnes-con-consolador-negro\/","title":{"rendered":"Arnes con Consolador Negro"},"content":{"rendered":"<p><strong>Medidas Consolador:<\/strong><br \/>\nLargo: 15 cm<br \/>\nLargo penetrable: 13 cm<br \/>\nDi\u00e1metro: 4 cm<\/p>\n<p><strong>Medidas Arn\u00e9s:<\/strong><br \/>\nAncho: 17 cm<br \/>\nAlto: 12 cm<\/p>\n<p><strong>Medidas Argollas:<\/strong><br \/>\n3,5 cm &#8211; 4,5 cm de di\u00e1metro<\/p>\n<p><strong>Materiales:<\/strong><br \/>\nConsolador: 100% Silicona<br \/>\nArn\u00e9s: Ecocuero, metal, nylon, goma.<\/p>\n","protected":false},"excerpt":{"rendered":"<p>Medidas Consolador: Largo: 15 cm Largo penetrable: 13 cm Di\u00e1metro: 4 cm Medidas Arn\u00e9s: Ancho: 17 cm Alto: 12 cm Medidas Argollas: 3,5 cm &#8211; 4,5 cm de di\u00e1metro Materiales: Consolador: 100% Silicona Arn\u00e9s: Ecocuero, metal, nylon, goma.<\/p>\n","protected":false},"featured_media":3515,"comment_status":"open","ping_status":"closed","template":"","meta":{"site-sidebar-layout":"default","site-content-layout":"default","ast-site-content-layout":"","site-content-style":"default","site-sidebar-style":"default","ast-global-header-display":"","ast-banner-title-visibility":"","ast-main-header-display":"","ast-hfb-above-header-display":"","ast-hfb-below-header-display":"","ast-hfb-mobile-header-display":"","site-post-title":"","ast-breadcrumbs-content":"","ast-featured-img":"","footer-sml-layout":"","theme-transparent-header-meta":"default","adv-header-id-meta":"","stick-header-meta":"","header-above-stick-meta":"","header-main-stick-meta":"","header-below-stick-meta":"","astra-migrate-meta-layouts":"default","ast-page-background-enabled":"default","ast-page-background-meta":{"desktop":{"background-color":"var(--ast-global-color-4)","background-image":"","background-repeat":"repeat","background-position":"center center","background-size":"auto","background-attachment":"scroll","background-type":"","background-media":"","overlay-type":"","overlay-color":"","overlay-opacity":"","overlay-gradient":""},"tablet":{"background-color":"","background-image":"","background-repeat":"repeat","background-position":"center center","background-size":"auto","background-attachment":"scroll","background-type":"","background-media":"","overlay-type":"","overlay-color":"","overlay-opacity":"","overlay-gradient":""},"mobile":{"background-color":"","background-image":"","background-repeat":"repeat","background-position":"center center","background-size":"auto","background-attachment":"scroll","background-type":"","background-media":"","overlay-type":"","overlay-color":"","overlay-opacity":"","overlay-gradient":""}},"ast-content-background-meta":{"desktop":{"background-color":"var(--ast-global-color-5)","background-image":"","background-repeat":"repeat","background-position":"center center","background-size":"auto","background-attachment":"scroll","background-type":"","background-media":"","overlay-type":"","overlay-color":"","overlay-opacity":"","overlay-gradient":""},"tablet":{"background-color":"var(--ast-global-color-5)","background-image":"","background-repeat":"repeat","background-position":"center center","background-size":"auto","background-attachment":"scroll","background-type":"","background-media":"","overlay-type":"","overlay-color":"","overlay-opacity":"","overlay-gradient":""},"mobile":{"background-color":"var(--ast-global-color-5)","background-image":"","background-repeat":"repeat","background-position":"center center","background-size":"auto","background-attachment":"scroll","background-type":"","background-media":"","overlay-type":"","overlay-color":"","overlay-opacity":"","overlay-gradient":""}}},"class_list":["post-3527","product","type-product","status-publish","has-post-thumbnail","hentry","product_cat-arnes","desktop-align-left","tablet-align-left","mobile-align-left"],"_links":{"self":[{"href":"https:\/\/pamelainlove.cl\/wp\/wp-json\/wp\/v2\/product\/3527","targetHints":{"allow":["GET"]}}],"collection":[{"href":"https:\/\/pamelainlove.cl\/wp\/wp-json\/wp\/v2\/product"}],"about":[{"href":"https:\/\/pamelainlove.cl\/wp\/wp-json\/wp\/v2\/types\/product"}],"replies":[{"embeddable":true,"href":"https:\/\/pamelainlove.cl\/wp\/wp-json\/wp\/v2\/comments?post=3527"}],"version-history":[{"count":1,"href":"https:\/\/pamelainlove.cl\/wp\/wp-json\/wp\/v2\/product\/3527\/revisions"}],"predecessor-version":[{"id":3528,"href":"https:\/\/pamelainlove.cl\/wp\/wp-json\/wp\/v2\/product\/3527\/revisions\/3528"}],"wp:featuredmedia":[{"embeddable":true,"href":"https:\/\/pamelainlove.cl\/wp\/wp-json\/wp\/v2\/media\/3515"}],"wp:attachment":[{"href":"https:\/\/pamelainlove.cl\/wp\/wp-json\/wp\/v2\/media?parent=3527"}],"curies":[{"name":"wp","href":"https:\/\/api.w.org\/{rel}","templated":true}]}}