{"id":3949,"date":"2019-08-17T18:55:51","date_gmt":"2019-08-17T18:55:51","guid":{"rendered":"https:\/\/pamelainlove.cl\/wp\/?post_type=product&#038;p=3949"},"modified":"2026-02-17T22:53:47","modified_gmt":"2026-02-17T22:53:47","slug":"gel-excitante-super-macho-striper","status":"publish","type":"product","link":"https:\/\/pamelainlove.cl\/wp\/shop\/gel-excitante-super-macho-striper\/","title":{"rendered":"Gel Excitante Super Macho Striper"},"content":{"rendered":"<p>El Gel Excitante Super Macho Striper, potencia la erecci\u00f3n del pene y la mantiene por m\u00e1s tiempo. Ideal para hombres que les cuesta mantener la erecci\u00f3n o para acelerarla despu\u00e9s de la eyaculaci\u00f3n.<\/p>\n<p><strong>Ingredientes<\/strong>: Glicerina, propilenglicol, \u00e9ter but\u00edlico, isotiazolina, celulosa, urea.<\/p>\n<p><strong>Contenido<\/strong>: 8g<\/p>\n<p><strong>Observaciones<\/strong>:<br \/>\nEstimulante de erecci\u00f3n<br \/>\nFacilita la erecci\u00f3n<br \/>\nMantener en lugar fresco<br \/>\nEvitar contacto con los ojos<br \/>\nNo ingerir<br \/>\nDescontinuar su uso en caso de irritaci\u00f3n<\/p>\n<p><strong>Modo de aplicaci\u00f3n:<\/strong><br \/>\nAplicar en el pene una o dos porciones y masajear, unos minutos antes de la penetraci\u00f3n.<\/p>\n","protected":false},"excerpt":{"rendered":"<p>El Gel Excitante Super Macho Striper, potencia la erecci\u00f3n del pene y la mantiene por m\u00e1s tiempo. Ideal para hombres que les cuesta mantener la erecci\u00f3n o para acelerarla despu\u00e9s de la eyaculaci\u00f3n. Ingredientes: Glicerina, propilenglicol, \u00e9ter but\u00edlico, isotiazolina, celulosa, urea. Contenido: 8g Observaciones: Estimulante de erecci\u00f3n Facilita la erecci\u00f3n Mantener en lugar fresco Evitar [&hellip;]<\/p>\n","protected":false},"featured_media":3939,"comment_status":"open","ping_status":"closed","template":"","meta":{"site-sidebar-layout":"default","site-content-layout":"default","ast-site-content-layout":"","site-content-style":"default","site-sidebar-style":"default","ast-global-header-display":"","ast-banner-title-visibility":"","ast-main-header-display":"","ast-hfb-above-header-display":"","ast-hfb-below-header-display":"","ast-hfb-mobile-header-display":"","site-post-title":"","ast-breadcrumbs-content":"","ast-featured-img":"","footer-sml-layout":"","theme-transparent-header-meta":"default","adv-header-id-meta":"","stick-header-meta":"","header-above-stick-meta":"","header-main-stick-meta":"","header-below-stick-meta":"","astra-migrate-meta-layouts":"default","ast-page-background-enabled":"default","ast-page-background-meta":{"desktop":{"background-color":"var(--ast-global-color-4)","background-image":"","background-repeat":"repeat","background-position":"center center","background-size":"auto","background-attachment":"scroll","background-type":"","background-media":"","overlay-type":"","overlay-color":"","overlay-opacity":"","overlay-gradient":""},"tablet":{"background-color":"","background-image":"","background-repeat":"repeat","background-position":"center center","background-size":"auto","background-attachment":"scroll","background-type":"","background-media":"","overlay-type":"","overlay-color":"","overlay-opacity":"","overlay-gradient":""},"mobile":{"background-color":"","background-image":"","background-repeat":"repeat","background-position":"center center","background-size":"auto","background-attachment":"scroll","background-type":"","background-media":"","overlay-type":"","overlay-color":"","overlay-opacity":"","overlay-gradient":""}},"ast-content-background-meta":{"desktop":{"background-color":"var(--ast-global-color-5)","background-image":"","background-repeat":"repeat","background-position":"center center","background-size":"auto","background-attachment":"scroll","background-type":"","background-media":"","overlay-type":"","overlay-color":"","overlay-opacity":"","overlay-gradient":""},"tablet":{"background-color":"var(--ast-global-color-5)","background-image":"","background-repeat":"repeat","background-position":"center center","background-size":"auto","background-attachment":"scroll","background-type":"","background-media":"","overlay-type":"","overlay-color":"","overlay-opacity":"","overlay-gradient":""},"mobile":{"background-color":"var(--ast-global-color-5)","background-image":"","background-repeat":"repeat","background-position":"center center","background-size":"auto","background-attachment":"scroll","background-type":"","background-media":"","overlay-type":"","overlay-color":"","overlay-opacity":"","overlay-gradient":""}}},"class_list":["post-3949","product","type-product","status-publish","has-post-thumbnail","hentry","product_cat-potenciadores-sexuales","desktop-align-left","tablet-align-left","mobile-align-left"],"_links":{"self":[{"href":"https:\/\/pamelainlove.cl\/wp\/wp-json\/wp\/v2\/product\/3949","targetHints":{"allow":["GET"]}}],"collection":[{"href":"https:\/\/pamelainlove.cl\/wp\/wp-json\/wp\/v2\/product"}],"about":[{"href":"https:\/\/pamelainlove.cl\/wp\/wp-json\/wp\/v2\/types\/product"}],"replies":[{"embeddable":true,"href":"https:\/\/pamelainlove.cl\/wp\/wp-json\/wp\/v2\/comments?post=3949"}],"version-history":[{"count":2,"href":"https:\/\/pamelainlove.cl\/wp\/wp-json\/wp\/v2\/product\/3949\/revisions"}],"predecessor-version":[{"id":20883,"href":"https:\/\/pamelainlove.cl\/wp\/wp-json\/wp\/v2\/product\/3949\/revisions\/20883"}],"wp:featuredmedia":[{"embeddable":true,"href":"https:\/\/pamelainlove.cl\/wp\/wp-json\/wp\/v2\/media\/3939"}],"wp:attachment":[{"href":"https:\/\/pamelainlove.cl\/wp\/wp-json\/wp\/v2\/media?parent=3949"}],"curies":[{"name":"wp","href":"https:\/\/api.w.org\/{rel}","templated":true}]}}