{"id":443,"date":"2019-08-01T20:47:05","date_gmt":"2019-08-01T20:47:05","guid":{"rendered":"https:\/\/pamelainlove.cl\/wp\/producto\/import-placeholder-for-2703\/"},"modified":"2024-02-02T20:24:35","modified_gmt":"2024-02-02T20:24:35","slug":"gel-excitante-electro-shock","status":"publish","type":"product","link":"https:\/\/pamelainlove.cl\/wp\/shop\/gel-excitante-electro-shock\/","title":{"rendered":"Gel Excitante Electro Shock Menta"},"content":{"rendered":"<p>La cosm\u00e9tica er\u00f3tica de Intt nos contin\u00faa sorprendiendo con sus novedosos e innovadores geles de uso \u00edntimo, con efectos excitantes y sabores exquisitos.<\/p>\n<p>Electro Shock es un gel excitante con un potente efecto de vibraci\u00f3n lo que permite la estimulaci\u00f3n femenina y masculina, ideal para aplicar directamente el cl\u00edtoris pene y otras zonas er\u00f3genas. Producto comestible con sabor menta.<\/p>\n<p><strong>Ingredientes<\/strong>: Aqua, Glycerin, Menthol, Propylene Glycol, Iodopropynyl Butylcarbamate, Sodium, Saccarin, Triethanolamine.<\/p>\n<p><strong>Caracter\u00edsticas:<br \/>\nContenido<\/strong>: 8g<br \/>\n<strong>Efecto<\/strong>: Vibraci\u00f3n<br \/>\n<strong>Sabor:<\/strong> Menta<\/p>\n<p><strong>Observaciones<\/strong>:<br \/>\nGel excitante con efecto de vibraci\u00f3n<br \/>\nDe uso unisex<br \/>\nProducto comestible<br \/>\nMantener en lugar fresco<br \/>\nEvitar contacto con los ojos<\/p>\n<p><strong>Modo de aplicaci\u00f3n<\/strong>:<br \/>\nAplicar la cantidad deseada y masajear suavemente.<\/p>\n<p><strong>Importante<\/strong>:<br \/>\nLos resultados depender\u00e1n del uso correcto del producto y del organismo de cada persona.<br \/>\nAntes de usa un producto de cosm\u00e9tica er\u00f3tica se recomienda revisar los componentes de este para evitar reacciones al\u00e9rgicas.<br \/>\nEn caso de irritaci\u00f3n suspender y consultar con su dermat\u00f3logo.<\/p>\n","protected":false},"excerpt":{"rendered":"<p>La cosm\u00e9tica er\u00f3tica de Intt nos contin\u00faa sorprendiendo con sus novedosos e innovadores geles de uso \u00edntimo, con efectos excitantes y sabores exquisitos. Electro Shock es un gel excitante con un potente efecto de vibraci\u00f3n lo que permite la estimulaci\u00f3n femenina y masculina, ideal para aplicar directamente el cl\u00edtoris pene y otras zonas er\u00f3genas. Producto [&hellip;]<\/p>\n","protected":false},"featured_media":85532,"comment_status":"open","ping_status":"closed","template":"","meta":{"site-sidebar-layout":"default","site-content-layout":"default","ast-site-content-layout":"","site-content-style":"default","site-sidebar-style":"default","ast-global-header-display":"","ast-banner-title-visibility":"","ast-main-header-display":"","ast-hfb-above-header-display":"","ast-hfb-below-header-display":"","ast-hfb-mobile-header-display":"","site-post-title":"","ast-breadcrumbs-content":"","ast-featured-img":"","footer-sml-layout":"","theme-transparent-header-meta":"default","adv-header-id-meta":"","stick-header-meta":"","header-above-stick-meta":"","header-main-stick-meta":"","header-below-stick-meta":"","astra-migrate-meta-layouts":"default","ast-page-background-enabled":"default","ast-page-background-meta":{"desktop":{"background-color":"var(--ast-global-color-4)","background-image":"","background-repeat":"repeat","background-position":"center center","background-size":"auto","background-attachment":"scroll","background-type":"","background-media":"","overlay-type":"","overlay-color":"","overlay-opacity":"","overlay-gradient":""},"tablet":{"background-color":"","background-image":"","background-repeat":"repeat","background-position":"center center","background-size":"auto","background-attachment":"scroll","background-type":"","background-media":"","overlay-type":"","overlay-color":"","overlay-opacity":"","overlay-gradient":""},"mobile":{"background-color":"","background-image":"","background-repeat":"repeat","background-position":"center center","background-size":"auto","background-attachment":"scroll","background-type":"","background-media":"","overlay-type":"","overlay-color":"","overlay-opacity":"","overlay-gradient":""}},"ast-content-background-meta":{"desktop":{"background-color":"var(--ast-global-color-5)","background-image":"","background-repeat":"repeat","background-position":"center center","background-size":"auto","background-attachment":"scroll","background-type":"","background-media":"","overlay-type":"","overlay-color":"","overlay-opacity":"","overlay-gradient":""},"tablet":{"background-color":"var(--ast-global-color-5)","background-image":"","background-repeat":"repeat","background-position":"center center","background-size":"auto","background-attachment":"scroll","background-type":"","background-media":"","overlay-type":"","overlay-color":"","overlay-opacity":"","overlay-gradient":""},"mobile":{"background-color":"var(--ast-global-color-5)","background-image":"","background-repeat":"repeat","background-position":"center center","background-size":"auto","background-attachment":"scroll","background-type":"","background-media":"","overlay-type":"","overlay-color":"","overlay-opacity":"","overlay-gradient":""}}},"class_list":["post-443","product","type-product","status-publish","has-post-thumbnail","hentry","product_cat-cosmetica-estimulante","product_tag-amor","product_tag-atacama","product_tag-chile","product_tag-copiapo","product_tag-cosmetica-estimulante","product_tag-love","product_tag-pamelainlove","product_tag-santiago","product_tag-seduccion","product_tag-sex","product_tag-sex-shop","product_tag-sexshop","product_tag-sexy","product_tag-vina","desktop-align-left","tablet-align-left","mobile-align-left"],"_links":{"self":[{"href":"https:\/\/pamelainlove.cl\/wp\/wp-json\/wp\/v2\/product\/443","targetHints":{"allow":["GET"]}}],"collection":[{"href":"https:\/\/pamelainlove.cl\/wp\/wp-json\/wp\/v2\/product"}],"about":[{"href":"https:\/\/pamelainlove.cl\/wp\/wp-json\/wp\/v2\/types\/product"}],"replies":[{"embeddable":true,"href":"https:\/\/pamelainlove.cl\/wp\/wp-json\/wp\/v2\/comments?post=443"}],"version-history":[{"count":3,"href":"https:\/\/pamelainlove.cl\/wp\/wp-json\/wp\/v2\/product\/443\/revisions"}],"predecessor-version":[{"id":85533,"href":"https:\/\/pamelainlove.cl\/wp\/wp-json\/wp\/v2\/product\/443\/revisions\/85533"}],"wp:featuredmedia":[{"embeddable":true,"href":"https:\/\/pamelainlove.cl\/wp\/wp-json\/wp\/v2\/media\/85532"}],"wp:attachment":[{"href":"https:\/\/pamelainlove.cl\/wp\/wp-json\/wp\/v2\/media?parent=443"}],"curies":[{"name":"wp","href":"https:\/\/api.w.org\/{rel}","templated":true}]}}