{"id":48941,"date":"2022-01-10T22:13:24","date_gmt":"2022-01-10T22:13:24","guid":{"rendered":"https:\/\/pamelainlove.cl\/wp\/?post_type=product&#038;p=48941"},"modified":"2024-06-06T22:40:32","modified_gmt":"2024-06-06T22:40:32","slug":"babydoll-halter-evase","status":"publish","type":"product","link":"https:\/\/pamelainlove.cl\/wp\/shop\/babydoll-halter-evase\/","title":{"rendered":"Babydoll Halter Evas\u00e9"},"content":{"rendered":"<p>El Babydoll Halter Evas\u00e9 de la marca de lencer\u00eda er\u00f3tica Sunspice, es de sat\u00edn negro con detalles de transparencia. El dise\u00f1o del babydoll negro es de corte evas\u00e9 lo cual amolda la silueta femenina, el cuello es halter y la espada es descubierta con detalles sutiles de transparencia, adem\u00e1s contiene un colaless negro.<\/p>\n<p><strong>Caracter\u00edsticas<\/strong>:<br \/>\nMaterial: Poli\u00e9ster<br \/>\nColor: Negro<br \/>\nPrendas: Babydoll &#8211; Colaless<\/p>\n<p><strong>Talla<\/strong>: \u00danica<\/p>\n<p><strong>Observaciones<\/strong>:<br \/>\nBabydoll de escote halter.<\/p>\n","protected":false},"excerpt":{"rendered":"<p>El Babydoll Halter Evas\u00e9 de la marca de lencer\u00eda er\u00f3tica Sunspice, es de sat\u00edn negro con detalles de transparencia. El dise\u00f1o del babydoll negro es de corte evas\u00e9 lo cual amolda la silueta femenina, el cuello es halter y la espada es descubierta con detalles sutiles de transparencia, adem\u00e1s contiene un colaless negro. Caracter\u00edsticas: Material: [&hellip;]<\/p>\n","protected":false},"featured_media":48943,"comment_status":"open","ping_status":"closed","template":"","meta":{"site-sidebar-layout":"default","site-content-layout":"default","ast-site-content-layout":"","site-content-style":"default","site-sidebar-style":"default","ast-global-header-display":"","ast-banner-title-visibility":"","ast-main-header-display":"","ast-hfb-above-header-display":"","ast-hfb-below-header-display":"","ast-hfb-mobile-header-display":"","site-post-title":"","ast-breadcrumbs-content":"","ast-featured-img":"","footer-sml-layout":"","theme-transparent-header-meta":"default","adv-header-id-meta":"","stick-header-meta":"","header-above-stick-meta":"","header-main-stick-meta":"","header-below-stick-meta":"","astra-migrate-meta-layouts":"default","ast-page-background-enabled":"default","ast-page-background-meta":{"desktop":{"background-color":"var(--ast-global-color-4)","background-image":"","background-repeat":"repeat","background-position":"center center","background-size":"auto","background-attachment":"scroll","background-type":"","background-media":"","overlay-type":"","overlay-color":"","overlay-opacity":"","overlay-gradient":""},"tablet":{"background-color":"","background-image":"","background-repeat":"repeat","background-position":"center center","background-size":"auto","background-attachment":"scroll","background-type":"","background-media":"","overlay-type":"","overlay-color":"","overlay-opacity":"","overlay-gradient":""},"mobile":{"background-color":"","background-image":"","background-repeat":"repeat","background-position":"center center","background-size":"auto","background-attachment":"scroll","background-type":"","background-media":"","overlay-type":"","overlay-color":"","overlay-opacity":"","overlay-gradient":""}},"ast-content-background-meta":{"desktop":{"background-color":"var(--ast-global-color-5)","background-image":"","background-repeat":"repeat","background-position":"center center","background-size":"auto","background-attachment":"scroll","background-type":"","background-media":"","overlay-type":"","overlay-color":"","overlay-opacity":"","overlay-gradient":""},"tablet":{"background-color":"var(--ast-global-color-5)","background-image":"","background-repeat":"repeat","background-position":"center center","background-size":"auto","background-attachment":"scroll","background-type":"","background-media":"","overlay-type":"","overlay-color":"","overlay-opacity":"","overlay-gradient":""},"mobile":{"background-color":"var(--ast-global-color-5)","background-image":"","background-repeat":"repeat","background-position":"center center","background-size":"auto","background-attachment":"scroll","background-type":"","background-media":"","overlay-type":"","overlay-color":"","overlay-opacity":"","overlay-gradient":""}}},"class_list":["post-48941","product","type-product","status-publish","has-post-thumbnail","hentry","product_cat-lenceria","desktop-align-left","tablet-align-left","mobile-align-left"],"_links":{"self":[{"href":"https:\/\/pamelainlove.cl\/wp\/wp-json\/wp\/v2\/product\/48941","targetHints":{"allow":["GET"]}}],"collection":[{"href":"https:\/\/pamelainlove.cl\/wp\/wp-json\/wp\/v2\/product"}],"about":[{"href":"https:\/\/pamelainlove.cl\/wp\/wp-json\/wp\/v2\/types\/product"}],"replies":[{"embeddable":true,"href":"https:\/\/pamelainlove.cl\/wp\/wp-json\/wp\/v2\/comments?post=48941"}],"version-history":[{"count":1,"href":"https:\/\/pamelainlove.cl\/wp\/wp-json\/wp\/v2\/product\/48941\/revisions"}],"predecessor-version":[{"id":48945,"href":"https:\/\/pamelainlove.cl\/wp\/wp-json\/wp\/v2\/product\/48941\/revisions\/48945"}],"wp:featuredmedia":[{"embeddable":true,"href":"https:\/\/pamelainlove.cl\/wp\/wp-json\/wp\/v2\/media\/48943"}],"wp:attachment":[{"href":"https:\/\/pamelainlove.cl\/wp\/wp-json\/wp\/v2\/media?parent=48941"}],"curies":[{"name":"wp","href":"https:\/\/api.w.org\/{rel}","templated":true}]}}