{"id":50851,"date":"2022-02-12T23:06:21","date_gmt":"2022-02-12T23:06:21","guid":{"rendered":"https:\/\/pamelainlove.cl\/wp\/?post_type=product&#038;p=50851"},"modified":"2026-02-17T22:20:34","modified_gmt":"2026-02-17T22:20:34","slug":"astringente-pocao-da-virgem","status":"publish","type":"product","link":"https:\/\/pamelainlove.cl\/wp\/shop\/astringente-pocao-da-virgem\/","title":{"rendered":"Astringente Pocao Da Virgem"},"content":{"rendered":"<p style=\"font-weight: 400;\">Pocao Da Virgem es un astringente, que act\u00faa contrayendo y estrechando los tejidos del canal vaginal, dentro de sus principales ingredientes de origen natural encontramos el Barbatimao (Extracto de corteza de Stryphnodendron Adstringens) donde su principal funci\u00f3n es reducir la sensaci\u00f3n de dolor adem\u00e1s de ser un antis\u00e9ptico y antiinflamatorio, tambien ejerce una acci\u00f3n antioxidante, tonificante y estimulante, dejando la regi\u00f3n mas sensible al tacto y la excitaci\u00f3n.<\/p>\n<p style=\"font-weight: 400;\"><strong style=\"font-weight: 500;\">Ingredientes:<\/strong><\/p>\n<p style=\"font-weight: 400;\">Agua, Extracto de corteza de Stryphnodendron Adstringens,<\/p>\n<p style=\"font-weight: 400;\"><strong style=\"font-weight: 500;\">Caracter\u00edsticas:<\/strong><br \/>\nContenido:\u00a015g<br \/>\nEfecto: Vibraci\u00f3n<br \/>\nSabor:\u00a0Grosella<\/p>\n<p><strong style=\"font-weight: 500;\">Observaciones:<\/strong><br \/>\nAstringente<\/p>\n<p style=\"font-weight: 400;\">Precauciones: No usar en \u00e1reas con lesiones, laceraciones o inflamaci\u00f3n. En caso de contacto con los ojos, aclarar con abundante agua. Conservar el producto en un lugar fresco, alejado del calor y la luz. Mantener fuera del alcance de los ni\u00f1os. No reutilice el embalaje.<\/p>\n<p style=\"font-weight: 400;\"><strong style=\"font-weight: 500;\">Modo de aplicaci\u00f3n:<\/strong><br \/>\nAplicar\u00a0una peque\u00f1a cantidad en la zona \u00edntima en un promedio de 15 a 20 min antes de la relaci\u00f3n sexual.<\/p>\n","protected":false},"excerpt":{"rendered":"<p>Pocao Da Virgem es un astringente, que act\u00faa contrayendo y estrechando los tejidos del canal vaginal, dentro de sus principales ingredientes de origen natural encontramos el Barbatimao (Extracto de corteza de Stryphnodendron Adstringens) donde su principal funci\u00f3n es reducir la sensaci\u00f3n de dolor adem\u00e1s de ser un antis\u00e9ptico y antiinflamatorio, tambien ejerce una acci\u00f3n antioxidante, [&hellip;]<\/p>\n","protected":false},"featured_media":50848,"comment_status":"open","ping_status":"closed","template":"","meta":{"site-sidebar-layout":"default","site-content-layout":"default","ast-site-content-layout":"","site-content-style":"default","site-sidebar-style":"default","ast-global-header-display":"","ast-banner-title-visibility":"","ast-main-header-display":"","ast-hfb-above-header-display":"","ast-hfb-below-header-display":"","ast-hfb-mobile-header-display":"","site-post-title":"","ast-breadcrumbs-content":"","ast-featured-img":"","footer-sml-layout":"","theme-transparent-header-meta":"default","adv-header-id-meta":"","stick-header-meta":"","header-above-stick-meta":"","header-main-stick-meta":"","header-below-stick-meta":"","astra-migrate-meta-layouts":"default","ast-page-background-enabled":"default","ast-page-background-meta":{"desktop":{"background-color":"var(--ast-global-color-4)","background-image":"","background-repeat":"repeat","background-position":"center center","background-size":"auto","background-attachment":"scroll","background-type":"","background-media":"","overlay-type":"","overlay-color":"","overlay-opacity":"","overlay-gradient":""},"tablet":{"background-color":"","background-image":"","background-repeat":"repeat","background-position":"center center","background-size":"auto","background-attachment":"scroll","background-type":"","background-media":"","overlay-type":"","overlay-color":"","overlay-opacity":"","overlay-gradient":""},"mobile":{"background-color":"","background-image":"","background-repeat":"repeat","background-position":"center center","background-size":"auto","background-attachment":"scroll","background-type":"","background-media":"","overlay-type":"","overlay-color":"","overlay-opacity":"","overlay-gradient":""}},"ast-content-background-meta":{"desktop":{"background-color":"var(--ast-global-color-5)","background-image":"","background-repeat":"repeat","background-position":"center center","background-size":"auto","background-attachment":"scroll","background-type":"","background-media":"","overlay-type":"","overlay-color":"","overlay-opacity":"","overlay-gradient":""},"tablet":{"background-color":"var(--ast-global-color-5)","background-image":"","background-repeat":"repeat","background-position":"center center","background-size":"auto","background-attachment":"scroll","background-type":"","background-media":"","overlay-type":"","overlay-color":"","overlay-opacity":"","overlay-gradient":""},"mobile":{"background-color":"var(--ast-global-color-5)","background-image":"","background-repeat":"repeat","background-position":"center center","background-size":"auto","background-attachment":"scroll","background-type":"","background-media":"","overlay-type":"","overlay-color":"","overlay-opacity":"","overlay-gradient":""}}},"class_list":["post-50851","product","type-product","status-publish","has-post-thumbnail","hentry","product_cat-cosmetica-estimulante","desktop-align-left","tablet-align-left","mobile-align-left"],"_links":{"self":[{"href":"https:\/\/pamelainlove.cl\/wp\/wp-json\/wp\/v2\/product\/50851","targetHints":{"allow":["GET"]}}],"collection":[{"href":"https:\/\/pamelainlove.cl\/wp\/wp-json\/wp\/v2\/product"}],"about":[{"href":"https:\/\/pamelainlove.cl\/wp\/wp-json\/wp\/v2\/types\/product"}],"replies":[{"embeddable":true,"href":"https:\/\/pamelainlove.cl\/wp\/wp-json\/wp\/v2\/comments?post=50851"}],"version-history":[{"count":2,"href":"https:\/\/pamelainlove.cl\/wp\/wp-json\/wp\/v2\/product\/50851\/revisions"}],"predecessor-version":[{"id":51612,"href":"https:\/\/pamelainlove.cl\/wp\/wp-json\/wp\/v2\/product\/50851\/revisions\/51612"}],"wp:featuredmedia":[{"embeddable":true,"href":"https:\/\/pamelainlove.cl\/wp\/wp-json\/wp\/v2\/media\/50848"}],"wp:attachment":[{"href":"https:\/\/pamelainlove.cl\/wp\/wp-json\/wp\/v2\/media?parent=50851"}],"curies":[{"name":"wp","href":"https:\/\/api.w.org\/{rel}","templated":true}]}}