{"id":50853,"date":"2022-02-12T23:08:42","date_gmt":"2022-02-12T23:08:42","guid":{"rendered":"https:\/\/pamelainlove.cl\/wp\/?post_type=product&#038;p=50853"},"modified":"2026-02-17T22:20:24","modified_gmt":"2026-02-17T22:20:24","slug":"retardante-pocao-do-tempo-intt","status":"publish","type":"product","link":"https:\/\/pamelainlove.cl\/wp\/shop\/retardante-pocao-do-tempo-intt\/","title":{"rendered":"Retardante- Poc\u00e3o Do Tempo Intt"},"content":{"rendered":"<p style=\"font-weight: 400;\">Poc\u00e3o do tempo es un gel prolongador masculino que retarda la eyaculaci\u00f3n, mejorando el rendimiento sexual. Su principal ingrediente de origen natural:\u00a0Acmella oleracea\u00a0posee agentes analg\u00e9sicos y anest\u00e9sicos que al ser absorbidos en su aplicaci\u00f3n directa en pene prolongar\u00e1n la erecci\u00f3n y por consecuencia\u00a0retardar\u00e1n la\u00a0eyaculaci\u00f3n.<\/p>\n<p style=\"font-weight: 400;\">\n<strong style=\"font-weight: 500;\">Ingredientes:\u00a0<\/strong><\/p>\n<p style=\"font-weight: 400;\">Glicerina (Glicerol), Extracto de Mentha Piperita (Mentha piperita), Aqua (Agua), Benzoato de Sodio (Benzoato de Sodio), Extracto de Acmella Oleracea (Extracto de Acmella Oleracea), CI 19140 y CI 73015.<\/p>\n<p style=\"font-weight: 400;\"><strong style=\"font-weight: 500;\">Caracter\u00edsticas:<\/strong><br \/>\nContenido:\u00a015g<br \/>\nEfecto: Retardante<br \/>\nSabor:\u00a0Menta<\/p>\n<p><strong style=\"font-weight: 500;\">Observaciones:<\/strong><br \/>\nProducto comestible<\/p>\n<p style=\"font-weight: 400;\"><strong style=\"font-weight: 500;\">Precauciones:<\/strong>\u00a0No usar en \u00e1reas con lesiones, laceraciones o inflamaci\u00f3n. En caso de contacto con los ojos, aclarar con abundante agua. Conservar el producto en un lugar fresco, alejado del calor y la luz. Mantener fuera del alcance de los ni\u00f1os. No reutilice el embalaje.<\/p>\n<p style=\"font-weight: 400;\"><strong style=\"font-weight: 500;\">Modo de aplicaci\u00f3n:<\/strong><br \/>\nAplicar directo en glande, masajear hasta su absorci\u00f3n.<\/p>\n","protected":false},"excerpt":{"rendered":"<p>Poc\u00e3o do tempo es un gel prolongador masculino que retarda la eyaculaci\u00f3n, mejorando el rendimiento sexual. Su principal ingrediente de origen natural:\u00a0Acmella oleracea\u00a0posee agentes analg\u00e9sicos y anest\u00e9sicos que al ser absorbidos en su aplicaci\u00f3n directa en pene prolongar\u00e1n la erecci\u00f3n y por consecuencia\u00a0retardar\u00e1n la\u00a0eyaculaci\u00f3n. Ingredientes:\u00a0 Glicerina (Glicerol), Extracto de Mentha Piperita (Mentha piperita), Aqua (Agua), [&hellip;]<\/p>\n","protected":false},"featured_media":50849,"comment_status":"open","ping_status":"closed","template":"","meta":{"site-sidebar-layout":"default","site-content-layout":"default","ast-site-content-layout":"","site-content-style":"default","site-sidebar-style":"default","ast-global-header-display":"","ast-banner-title-visibility":"","ast-main-header-display":"","ast-hfb-above-header-display":"","ast-hfb-below-header-display":"","ast-hfb-mobile-header-display":"","site-post-title":"","ast-breadcrumbs-content":"","ast-featured-img":"","footer-sml-layout":"","theme-transparent-header-meta":"default","adv-header-id-meta":"","stick-header-meta":"","header-above-stick-meta":"","header-main-stick-meta":"","header-below-stick-meta":"","astra-migrate-meta-layouts":"default","ast-page-background-enabled":"default","ast-page-background-meta":{"desktop":{"background-color":"var(--ast-global-color-4)","background-image":"","background-repeat":"repeat","background-position":"center center","background-size":"auto","background-attachment":"scroll","background-type":"","background-media":"","overlay-type":"","overlay-color":"","overlay-opacity":"","overlay-gradient":""},"tablet":{"background-color":"","background-image":"","background-repeat":"repeat","background-position":"center center","background-size":"auto","background-attachment":"scroll","background-type":"","background-media":"","overlay-type":"","overlay-color":"","overlay-opacity":"","overlay-gradient":""},"mobile":{"background-color":"","background-image":"","background-repeat":"repeat","background-position":"center center","background-size":"auto","background-attachment":"scroll","background-type":"","background-media":"","overlay-type":"","overlay-color":"","overlay-opacity":"","overlay-gradient":""}},"ast-content-background-meta":{"desktop":{"background-color":"var(--ast-global-color-5)","background-image":"","background-repeat":"repeat","background-position":"center center","background-size":"auto","background-attachment":"scroll","background-type":"","background-media":"","overlay-type":"","overlay-color":"","overlay-opacity":"","overlay-gradient":""},"tablet":{"background-color":"var(--ast-global-color-5)","background-image":"","background-repeat":"repeat","background-position":"center center","background-size":"auto","background-attachment":"scroll","background-type":"","background-media":"","overlay-type":"","overlay-color":"","overlay-opacity":"","overlay-gradient":""},"mobile":{"background-color":"var(--ast-global-color-5)","background-image":"","background-repeat":"repeat","background-position":"center center","background-size":"auto","background-attachment":"scroll","background-type":"","background-media":"","overlay-type":"","overlay-color":"","overlay-opacity":"","overlay-gradient":""}}},"class_list":["post-50853","product","type-product","status-publish","has-post-thumbnail","hentry","product_cat-potenciadores-sexuales","desktop-align-left","tablet-align-left","mobile-align-left"],"_links":{"self":[{"href":"https:\/\/pamelainlove.cl\/wp\/wp-json\/wp\/v2\/product\/50853","targetHints":{"allow":["GET"]}}],"collection":[{"href":"https:\/\/pamelainlove.cl\/wp\/wp-json\/wp\/v2\/product"}],"about":[{"href":"https:\/\/pamelainlove.cl\/wp\/wp-json\/wp\/v2\/types\/product"}],"replies":[{"embeddable":true,"href":"https:\/\/pamelainlove.cl\/wp\/wp-json\/wp\/v2\/comments?post=50853"}],"version-history":[{"count":1,"href":"https:\/\/pamelainlove.cl\/wp\/wp-json\/wp\/v2\/product\/50853\/revisions"}],"predecessor-version":[{"id":50854,"href":"https:\/\/pamelainlove.cl\/wp\/wp-json\/wp\/v2\/product\/50853\/revisions\/50854"}],"wp:featuredmedia":[{"embeddable":true,"href":"https:\/\/pamelainlove.cl\/wp\/wp-json\/wp\/v2\/media\/50849"}],"wp:attachment":[{"href":"https:\/\/pamelainlove.cl\/wp\/wp-json\/wp\/v2\/media?parent=50853"}],"curies":[{"name":"wp","href":"https:\/\/api.w.org\/{rel}","templated":true}]}}