{"id":71456,"date":"2023-04-14T00:40:52","date_gmt":"2023-04-14T00:40:52","guid":{"rendered":"https:\/\/pamelainlove.cl\/wp\/?post_type=product&#038;p=71456"},"modified":"2024-12-04T21:35:31","modified_gmt":"2024-12-04T21:35:31","slug":"estimulador-recargable-con-succion-roxy","status":"publish","type":"product","link":"https:\/\/pamelainlove.cl\/wp\/shop\/estimulador-recargable-con-succion-roxy\/","title":{"rendered":"Estimulador Recargable Con Succion Roxy"},"content":{"rendered":"<p>El Estimulador y succionador Roxy es un incre\u00edble juguete el cual puede estimular cl\u00edtoris y pezones a trav\u00e9s de sus 10 frecuencias de vibraci\u00f3n y sus 5 niveles de succi\u00f3n que prometen inolvidables orgasmos. Est\u00e1 fabricado de Silicona de alta calidad, suave al tacto y f\u00e1cil de utilizar. Se carga v\u00eda USB y su dise\u00f1o ergon\u00f3mico permite que sea muy f\u00e1cil de transportar. Posee 3 botones, uno para encender y apagar, el otro cambiar de intensidad de VIBRACI\u00d3N y el tercero bot\u00f3n permite ajustar los niveles de succi\u00f3n.<\/p>\n<p><strong>Caracter\u00edsticas:<\/strong><br \/>\nFunci\u00f3n: Estimulador femenino, succionador<br \/>\nMaterial: Silicona ABS<br \/>\n<strong>Color:\u00a0Morado<\/strong><br \/>\nResistente al agua (no sumergible)<br \/>\n10 funciones de vibraci\u00f3n, 5 de succi\u00f3n.<br \/>\nRecarga a trav\u00e9s de USB<br \/>\nIncluye cable USB, cargador imantado<br \/>\nTiempo de carga: 90min.<br \/>\nDuraci\u00f3n de carga:50min.<\/p>\n<p><strong>Observaciones:<\/strong><br \/>\nLavar antes y despu\u00e9s de usar.<br \/>\nSe carga a trav\u00e9s de USB<br \/>\nControl de mando posee: Bot\u00f3n de apagado \/encendido,\u00a0 bot\u00f3n de funciones.<br \/>\nLa luz\u00a0encendida indica que el producto se est\u00e1 cargando correctamente.<\/p>\n","protected":false},"excerpt":{"rendered":"<p>El Estimulador y succionador Roxy es un incre\u00edble juguete el cual puede estimular cl\u00edtoris y pezones a trav\u00e9s de sus 10 frecuencias de vibraci\u00f3n y sus 5 niveles de succi\u00f3n que prometen inolvidables orgasmos. Est\u00e1 fabricado de Silicona de alta calidad, suave al tacto y f\u00e1cil de utilizar. Se carga v\u00eda USB y su dise\u00f1o [&hellip;]<\/p>\n","protected":false},"featured_media":71457,"comment_status":"open","ping_status":"closed","template":"","meta":{"site-sidebar-layout":"default","site-content-layout":"default","ast-site-content-layout":"","site-content-style":"default","site-sidebar-style":"default","ast-global-header-display":"","ast-banner-title-visibility":"","ast-main-header-display":"","ast-hfb-above-header-display":"","ast-hfb-below-header-display":"","ast-hfb-mobile-header-display":"","site-post-title":"","ast-breadcrumbs-content":"","ast-featured-img":"","footer-sml-layout":"","theme-transparent-header-meta":"default","adv-header-id-meta":"","stick-header-meta":"","header-above-stick-meta":"","header-main-stick-meta":"","header-below-stick-meta":"","astra-migrate-meta-layouts":"default","ast-page-background-enabled":"default","ast-page-background-meta":{"desktop":{"background-color":"var(--ast-global-color-4)","background-image":"","background-repeat":"repeat","background-position":"center center","background-size":"auto","background-attachment":"scroll","background-type":"","background-media":"","overlay-type":"","overlay-color":"","overlay-opacity":"","overlay-gradient":""},"tablet":{"background-color":"","background-image":"","background-repeat":"repeat","background-position":"center center","background-size":"auto","background-attachment":"scroll","background-type":"","background-media":"","overlay-type":"","overlay-color":"","overlay-opacity":"","overlay-gradient":""},"mobile":{"background-color":"","background-image":"","background-repeat":"repeat","background-position":"center center","background-size":"auto","background-attachment":"scroll","background-type":"","background-media":"","overlay-type":"","overlay-color":"","overlay-opacity":"","overlay-gradient":""}},"ast-content-background-meta":{"desktop":{"background-color":"var(--ast-global-color-5)","background-image":"","background-repeat":"repeat","background-position":"center center","background-size":"auto","background-attachment":"scroll","background-type":"","background-media":"","overlay-type":"","overlay-color":"","overlay-opacity":"","overlay-gradient":""},"tablet":{"background-color":"var(--ast-global-color-5)","background-image":"","background-repeat":"repeat","background-position":"center center","background-size":"auto","background-attachment":"scroll","background-type":"","background-media":"","overlay-type":"","overlay-color":"","overlay-opacity":"","overlay-gradient":""},"mobile":{"background-color":"var(--ast-global-color-5)","background-image":"","background-repeat":"repeat","background-position":"center center","background-size":"auto","background-attachment":"scroll","background-type":"","background-media":"","overlay-type":"","overlay-color":"","overlay-opacity":"","overlay-gradient":""}}},"class_list":["post-71456","product","type-product","status-publish","has-post-thumbnail","hentry","product_cat-bombas-genital-femenino","product_cat-vibradores","desktop-align-left","tablet-align-left","mobile-align-left"],"_links":{"self":[{"href":"https:\/\/pamelainlove.cl\/wp\/wp-json\/wp\/v2\/product\/71456","targetHints":{"allow":["GET"]}}],"collection":[{"href":"https:\/\/pamelainlove.cl\/wp\/wp-json\/wp\/v2\/product"}],"about":[{"href":"https:\/\/pamelainlove.cl\/wp\/wp-json\/wp\/v2\/types\/product"}],"replies":[{"embeddable":true,"href":"https:\/\/pamelainlove.cl\/wp\/wp-json\/wp\/v2\/comments?post=71456"}],"version-history":[{"count":1,"href":"https:\/\/pamelainlove.cl\/wp\/wp-json\/wp\/v2\/product\/71456\/revisions"}],"predecessor-version":[{"id":71459,"href":"https:\/\/pamelainlove.cl\/wp\/wp-json\/wp\/v2\/product\/71456\/revisions\/71459"}],"wp:featuredmedia":[{"embeddable":true,"href":"https:\/\/pamelainlove.cl\/wp\/wp-json\/wp\/v2\/media\/71457"}],"wp:attachment":[{"href":"https:\/\/pamelainlove.cl\/wp\/wp-json\/wp\/v2\/media?parent=71456"}],"curies":[{"name":"wp","href":"https:\/\/api.w.org\/{rel}","templated":true}]}}