{"id":81177,"date":"2023-11-02T15:40:36","date_gmt":"2023-11-02T15:40:36","guid":{"rendered":"https:\/\/pamelainlove.cl\/wp\/?post_type=product&#038;p=81177"},"modified":"2025-11-08T16:54:16","modified_gmt":"2025-11-08T16:54:16","slug":"anillo-vibrador-satisfyer-glorious-duo-recargable","status":"publish","type":"product","link":"https:\/\/pamelainlove.cl\/wp\/shop\/anillo-vibrador-satisfyer-glorious-duo-recargable\/","title":{"rendered":"Anillo Vibrador Satisfyer Glorious Duo (Recargable)."},"content":{"rendered":"<h2>Satisfyer Glorious Duo: anillo para el pene vibrador potente<\/h2>\n<p>Satisfyer Glorious Duo ofrece el doble de diversi\u00f3n gracias a la combinaci\u00f3n de un anillo para el pene y un anillo para test\u00edculos: El dispositivo de bienestar sexual envuelve el pene y los test\u00edculos, creando un excitante efecto de estancamiento sangu\u00edneo que no solo te permite aguantar m\u00e1s tiempo durante el acto sexual, sino que tambi\u00e9n crea sensaciones m\u00e1s intensas. Al mismo tiempo, el anillo para el pene vibrador tambi\u00e9n se encarga de cuidar a tu pareja de forma intensiva y completa con el estimulador de cl\u00edtoris de gran tama\u00f1o. El potente motor que se encuentra en su interior proporciona 12 programas de vibraci\u00f3n variados que pueden controlarse de forma f\u00e1cil e intuitiva mediante el bot\u00f3n de un solo toque situado en la parte trasera. Una caracter\u00edstica destacada del Satisfyer Glorious Duo es su aspecto, ya que el dise\u00f1o y la forma sim\u00e9trica confieren al anillo para el pene hecho de silicona un aspecto futurista.<\/p>\n<h2>Anillo para el pene de silicona respetuoso con el cuerpo<\/h2>\n<p>Este anillo para pene y test\u00edculos Satisfyer est\u00e1 hecho de silicona m\u00e9dica de alta calidad, por lo que es especialmente higi\u00e9nico e inocuo para el cuerpo. Adem\u00e1s, Satisfyer Glorious Duo es impermeable (IPX7), por lo que nada se opondr\u00e1 a su uso bajo la ducha o en la ba\u00f1era. Despu\u00e9s de vuestros momentos en pareja, puedes limpiar f\u00e1cilmente el anillo para el pene con agua, un poco de jab\u00f3n suave y un limpiador para dispositivos de bienestar sexual y recargarlo con el cable de carga USB incluido.<\/p>\n","protected":false},"excerpt":{"rendered":"<p>Satisfyer Glorious Duo: anillo para el pene vibrador potente Satisfyer Glorious Duo ofrece el doble de diversi\u00f3n gracias a la combinaci\u00f3n de un anillo para el pene y un anillo para test\u00edculos: El dispositivo de bienestar sexual envuelve el pene y los test\u00edculos, creando un excitante efecto de estancamiento sangu\u00edneo que no solo te permite [&hellip;]<\/p>\n","protected":false},"featured_media":81178,"comment_status":"open","ping_status":"closed","template":"","meta":{"site-sidebar-layout":"default","site-content-layout":"default","ast-site-content-layout":"","site-content-style":"default","site-sidebar-style":"default","ast-global-header-display":"","ast-banner-title-visibility":"","ast-main-header-display":"","ast-hfb-above-header-display":"","ast-hfb-below-header-display":"","ast-hfb-mobile-header-display":"","site-post-title":"","ast-breadcrumbs-content":"","ast-featured-img":"","footer-sml-layout":"","theme-transparent-header-meta":"default","adv-header-id-meta":"","stick-header-meta":"","header-above-stick-meta":"","header-main-stick-meta":"","header-below-stick-meta":"","astra-migrate-meta-layouts":"default","ast-page-background-enabled":"default","ast-page-background-meta":{"desktop":{"background-color":"var(--ast-global-color-4)","background-image":"","background-repeat":"repeat","background-position":"center center","background-size":"auto","background-attachment":"scroll","background-type":"","background-media":"","overlay-type":"","overlay-color":"","overlay-opacity":"","overlay-gradient":""},"tablet":{"background-color":"","background-image":"","background-repeat":"repeat","background-position":"center center","background-size":"auto","background-attachment":"scroll","background-type":"","background-media":"","overlay-type":"","overlay-color":"","overlay-opacity":"","overlay-gradient":""},"mobile":{"background-color":"","background-image":"","background-repeat":"repeat","background-position":"center center","background-size":"auto","background-attachment":"scroll","background-type":"","background-media":"","overlay-type":"","overlay-color":"","overlay-opacity":"","overlay-gradient":""}},"ast-content-background-meta":{"desktop":{"background-color":"var(--ast-global-color-5)","background-image":"","background-repeat":"repeat","background-position":"center center","background-size":"auto","background-attachment":"scroll","background-type":"","background-media":"","overlay-type":"","overlay-color":"","overlay-opacity":"","overlay-gradient":""},"tablet":{"background-color":"var(--ast-global-color-5)","background-image":"","background-repeat":"repeat","background-position":"center center","background-size":"auto","background-attachment":"scroll","background-type":"","background-media":"","overlay-type":"","overlay-color":"","overlay-opacity":"","overlay-gradient":""},"mobile":{"background-color":"var(--ast-global-color-5)","background-image":"","background-repeat":"repeat","background-position":"center center","background-size":"auto","background-attachment":"scroll","background-type":"","background-media":"","overlay-type":"","overlay-color":"","overlay-opacity":"","overlay-gradient":""}}},"class_list":["post-81177","product","type-product","status-publish","has-post-thumbnail","hentry","product_cat-anillos","desktop-align-left","tablet-align-left","mobile-align-left"],"_links":{"self":[{"href":"https:\/\/pamelainlove.cl\/wp\/wp-json\/wp\/v2\/product\/81177","targetHints":{"allow":["GET"]}}],"collection":[{"href":"https:\/\/pamelainlove.cl\/wp\/wp-json\/wp\/v2\/product"}],"about":[{"href":"https:\/\/pamelainlove.cl\/wp\/wp-json\/wp\/v2\/types\/product"}],"replies":[{"embeddable":true,"href":"https:\/\/pamelainlove.cl\/wp\/wp-json\/wp\/v2\/comments?post=81177"}],"version-history":[{"count":1,"href":"https:\/\/pamelainlove.cl\/wp\/wp-json\/wp\/v2\/product\/81177\/revisions"}],"predecessor-version":[{"id":81179,"href":"https:\/\/pamelainlove.cl\/wp\/wp-json\/wp\/v2\/product\/81177\/revisions\/81179"}],"wp:featuredmedia":[{"embeddable":true,"href":"https:\/\/pamelainlove.cl\/wp\/wp-json\/wp\/v2\/media\/81178"}],"wp:attachment":[{"href":"https:\/\/pamelainlove.cl\/wp\/wp-json\/wp\/v2\/media?parent=81177"}],"curies":[{"name":"wp","href":"https:\/\/api.w.org\/{rel}","templated":true}]}}