{"id":98590,"date":"2024-11-14T23:30:56","date_gmt":"2024-11-14T23:30:56","guid":{"rendered":"https:\/\/pamelainlove.cl\/wp\/?post_type=product&#038;p=98590"},"modified":"2026-02-17T18:42:06","modified_gmt":"2026-02-17T18:42:06","slug":"gel-para-sexo-oral-garganta-profunda-fresa","status":"publish","type":"product","link":"https:\/\/pamelainlove.cl\/wp\/shop\/gel-para-sexo-oral-garganta-profunda-fresa\/","title":{"rendered":"Gel para Sexo Oral Garganta Profunda Fresa"},"content":{"rendered":"<p>De la incre\u00edble marca Intt, llega el desensibilizante garganta profunda que gracias a su efecto disminuir\u00e1 las molestias al momento de practicar sexo oral haci\u00e9ndolo una practica mas placentera, adem\u00e1s viene con un refrescante sabor a menta.<\/p>\n<p><strong>Caracter\u00edsticas:<\/strong><br \/>\nContenido: 15ml<br \/>\nSabor: Fresa<br \/>\nGel para sexo oral<br \/>\nLeve efecto desensibilizante<br \/>\nDosificador tipo aerosol<br \/>\nMantener en lugar fresco<br \/>\nEvitar contacto con los ojos<\/p>\n<p><strong>Modo de aplicaci\u00f3n:<\/strong><br \/>\nPulverizar 4 pulverizaciones directamente en la boca y la garganta 1 min antes del sexo.<\/p>\n<p><strong>Importante:<\/strong><br \/>\nLos resultados depender\u00e1n del uso correcto del producto y del organismo de cada persona.<br \/>\nAntes de usa un producto de cosm\u00e9tica er\u00f3tica se recomienda revisar los componentes de este para evitar reacciones al\u00e9rgicas.<br \/>\nEn caso de irritaci\u00f3n suspender y consultar con su dermat\u00f3logo.<\/p>\n","protected":false},"excerpt":{"rendered":"<p>De la incre\u00edble marca Intt, llega el desensibilizante garganta profunda que gracias a su efecto disminuir\u00e1 las molestias al momento de practicar sexo oral haci\u00e9ndolo una practica mas placentera, adem\u00e1s viene con un refrescante sabor a menta. Caracter\u00edsticas: Contenido: 15ml Sabor: Fresa Gel para sexo oral Leve efecto desensibilizante Dosificador tipo aerosol Mantener en lugar [&hellip;]<\/p>\n","protected":false},"featured_media":98591,"comment_status":"open","ping_status":"closed","template":"","meta":{"site-sidebar-layout":"default","site-content-layout":"default","ast-site-content-layout":"","site-content-style":"default","site-sidebar-style":"default","ast-global-header-display":"","ast-banner-title-visibility":"","ast-main-header-display":"","ast-hfb-above-header-display":"","ast-hfb-below-header-display":"","ast-hfb-mobile-header-display":"","site-post-title":"","ast-breadcrumbs-content":"","ast-featured-img":"","footer-sml-layout":"","theme-transparent-header-meta":"default","adv-header-id-meta":"","stick-header-meta":"","header-above-stick-meta":"","header-main-stick-meta":"","header-below-stick-meta":"","astra-migrate-meta-layouts":"default","ast-page-background-enabled":"default","ast-page-background-meta":{"desktop":{"background-color":"var(--ast-global-color-4)","background-image":"","background-repeat":"repeat","background-position":"center center","background-size":"auto","background-attachment":"scroll","background-type":"","background-media":"","overlay-type":"","overlay-color":"","overlay-opacity":"","overlay-gradient":""},"tablet":{"background-color":"","background-image":"","background-repeat":"repeat","background-position":"center center","background-size":"auto","background-attachment":"scroll","background-type":"","background-media":"","overlay-type":"","overlay-color":"","overlay-opacity":"","overlay-gradient":""},"mobile":{"background-color":"","background-image":"","background-repeat":"repeat","background-position":"center center","background-size":"auto","background-attachment":"scroll","background-type":"","background-media":"","overlay-type":"","overlay-color":"","overlay-opacity":"","overlay-gradient":""}},"ast-content-background-meta":{"desktop":{"background-color":"var(--ast-global-color-5)","background-image":"","background-repeat":"repeat","background-position":"center center","background-size":"auto","background-attachment":"scroll","background-type":"","background-media":"","overlay-type":"","overlay-color":"","overlay-opacity":"","overlay-gradient":""},"tablet":{"background-color":"var(--ast-global-color-5)","background-image":"","background-repeat":"repeat","background-position":"center center","background-size":"auto","background-attachment":"scroll","background-type":"","background-media":"","overlay-type":"","overlay-color":"","overlay-opacity":"","overlay-gradient":""},"mobile":{"background-color":"var(--ast-global-color-5)","background-image":"","background-repeat":"repeat","background-position":"center center","background-size":"auto","background-attachment":"scroll","background-type":"","background-media":"","overlay-type":"","overlay-color":"","overlay-opacity":"","overlay-gradient":""}}},"class_list":["post-98590","product","type-product","status-publish","has-post-thumbnail","hentry","product_cat-cosmetica-estimulante","desktop-align-left","tablet-align-left","mobile-align-left"],"_links":{"self":[{"href":"https:\/\/pamelainlove.cl\/wp\/wp-json\/wp\/v2\/product\/98590","targetHints":{"allow":["GET"]}}],"collection":[{"href":"https:\/\/pamelainlove.cl\/wp\/wp-json\/wp\/v2\/product"}],"about":[{"href":"https:\/\/pamelainlove.cl\/wp\/wp-json\/wp\/v2\/types\/product"}],"replies":[{"embeddable":true,"href":"https:\/\/pamelainlove.cl\/wp\/wp-json\/wp\/v2\/comments?post=98590"}],"version-history":[{"count":1,"href":"https:\/\/pamelainlove.cl\/wp\/wp-json\/wp\/v2\/product\/98590\/revisions"}],"predecessor-version":[{"id":98592,"href":"https:\/\/pamelainlove.cl\/wp\/wp-json\/wp\/v2\/product\/98590\/revisions\/98592"}],"wp:featuredmedia":[{"embeddable":true,"href":"https:\/\/pamelainlove.cl\/wp\/wp-json\/wp\/v2\/media\/98591"}],"wp:attachment":[{"href":"https:\/\/pamelainlove.cl\/wp\/wp-json\/wp\/v2\/media?parent=98590"}],"curies":[{"name":"wp","href":"https:\/\/api.w.org\/{rel}","templated":true}]}}